{"id":850,"date":"2025-07-16T07:28:14","date_gmt":"2025-07-16T07:28:14","guid":{"rendered":"https:\/\/trevistg.wpenginepowered.com\/es\/pilotes-trevi\/"},"modified":"2025-10-14T12:12:38","modified_gmt":"2025-10-14T12:12:38","slug":"pilotes-trevi","status":"publish","type":"page","link":"https:\/\/trevispa.com\/es\/abouttrevi\/pilotes-trevi\/","title":{"rendered":"Pilotes Trevi"},"content":{"rendered":"\n<div class=\"wp-block-group alignwide\"><div class=\"wp-block-group__inner-container is-layout-constrained wp-block-group-is-layout-constrained\">\n<p>Pilotes Trevi &#8211; una empresa del <a href=\"http:\/\/www.trevigroup.com\" target=\"_blank\" rel=\"noreferrer noopener\">Trevi Group<\/a> &#8211; comenz\u00f3 sus actividades en Argentina en el a\u00f1o 1971, con los trabajos de fundaciones del Proyecto Ferrovial de Z\u00e1rate &#8211; Brazo Largo.<\/p>\n\n\n\n<p>Y a lo largo de toda esa d\u00e9cada ejecut\u00f3 m\u00e1s de 50 obras de pilotaje de gran di\u00e1metro, instal\u00e1ndose en el pa\u00eds como una de las empresas l\u00edderes en el rubro del pilotaje.<\/p>\n\n\n\n<p><strong>A fines de los &#8217;70 la empresa da un salto cualitativo, obteniendo el contrato de la obra del Dique de Yacyret\u00e1, ampliando su cartilla de clientes y diversificando los trabajos. Durante los siguientes 10 a\u00f1os ejecuta m\u00e1s de 90 obras, participando as\u00ed en proyectos de gran importancia para el pa\u00eds, como son el caso de la Presa Casa de Piedra y el Dique Piedra del \u00c1guila.<\/strong><\/p>\n\n\n\n<p>As\u00ed, Pilotes Trevi comenz\u00f3 la nueva d\u00e9cada con participaciones en diversos proyectos, tales como: construcci\u00f3n de pilotes en la obra de aprovechamiento hidroel\u00e9ctrico Pichi Picun Leufu, construcci\u00f3n de una galer\u00eda y ejecuci\u00f3n de perforaciones e inyecciones en la Presa El Choc\u00f3n, ejecuci\u00f3n de pilotes en la Terminal de Embarque en Puerto Ingeniero White, realizaci\u00f3n de muro colado de Ho Ao en la Central Nuclear Atucha, ejecuci\u00f3n de fundaciones en edificios de viviendas y comerciales varios, ejecuci\u00f3n de pilotes para la Planta Industrial Fiat, ejecuci\u00f3n de anclajes y pilotes en L\u00ednea de Alta Tensi\u00f3n Yacyret\u00e1 &#8211; Salto Grande, ejecuci\u00f3n de columnas de jet grouting en Dique Paso Piedras y la realizaci\u00f3n de las fundaciones del puente principal, viaductos y puentes secundarios del Enlace Vial Rosario-Victoria entre otras tantas.<\/p>\n\n\n\n<p>Comenzando el nuevo milenio se ejecutaron obras de muro colado, pilotaje, estudios geot\u00e9cnicos e inclusive se encar\u00f3 la obra que se convertir\u00eda en emblema de la Ciudad de Buenos Aires, el Puente de la Mujer. En la actualidad Pilotes Trevi sigue creciendo junto con nuevos proyectos y el compromiso de siempre.<\/p>\n\n\n\n<hr class=\"wp-block-separator has-alpha-channel-opacity\"\/>\n\n\n\n<p><strong>Pilotes Trevi es una empresa del <a href=\"http:\/\/www.trevigroup.com\" target=\"_blank\" rel=\"noreferrer noopener\">Trevi Group<\/a><\/strong><\/p>\n\n\n\n<p>La internacionalizaci\u00f3n, la integraci\u00f3n y el intercambio continuo entre sus dos divisiones son algunas de las razones del \u00e9xito del Trevi Group:&nbsp;<a href=\"http:\/\/www.trevispa.com\/en\/AboutTrevi\">Trevi<\/a>, que realiza trabajos de fundaciones especiales y consolidaci\u00f3n de suelos para grandes proyectos de infraestructura (subterr\u00e1neos, presas, puertos y muelles, puentes, l\u00edneas ferroviarias y de autopistas, edificios industriales y civiles)y asegura sitios contaminados y&nbsp;<a href=\"http:\/\/www.soilmec.com\/en\/\">Soilmec<\/a>, que dise\u00f1a, fabrica y comercializa maquinaria, sistemas y servicios para la ingenier\u00eda subterr\u00e1nea.<\/p>\n\n\n\n<p>La empresa matriz&nbsp;<a href=\"https:\/\/www.trevifin.com\/en\/\">TREVI \u2013 Finanziaria Industriale Spa<\/a>&nbsp;ha estado cotizando en la bolsa de Mil\u00e1n desde julio de 1999.<\/p>\n\n\n\n<hr class=\"wp-block-separator has-alpha-channel-opacity\"\/>\n\n\n\n<h3 class=\"wp-block-heading\"><strong>Contactos<\/strong><\/h3>\n\n\n\n<ul class=\"wp-block-list\">\n<li>comercial@trevi.com.ar\u00a0 \u00a0<\/li>\n\n\n\n<li>rrhh@trevi.com.ar\u00a0<\/li>\n<\/ul>\n\n\n\n<h3 class=\"wp-block-heading\"><strong>D\u00f3nde Estamos<\/strong><\/h3>\n\n\n\n<p>Bernardo de Irigoyen 308, Piso 6<br>CP C1072AAH<br>Buenos Aires, Argentina<\/p>\n<\/div><\/div>\n","protected":false},"excerpt":{"rendered":"<p>Pilotes Trevi &#8211; una empresa del Trevi Group &#8211; comenz\u00f3 sus actividades en Argentina en el a\u00f1o 1971, con los trabajos de fundaciones del Proyecto Ferrovial de Z\u00e1rate &#8211; Brazo Largo. Y a lo largo de toda esa d\u00e9cada ejecut\u00f3 m\u00e1s de 50 obras de pilotaje de gran di\u00e1metro, instal\u00e1ndose en el pa\u00eds como una [&hellip;]<\/p>\n","protected":false},"author":3,"featured_media":0,"parent":857,"menu_order":0,"comment_status":"open","ping_status":"open","template":"template-menu-destra.php","meta":{"_acf_changed":true,"footnotes":""},"class_list":["post-850","page","type-page","status-publish","hentry"],"featured_image_src":null,"featured_image_src_square":null,"acf":[],"_links":{"self":[{"href":"https:\/\/trevispa.com\/es\/wp-json\/wp\/v2\/pages\/850","targetHints":{"allow":["GET"]}}],"collection":[{"href":"https:\/\/trevispa.com\/es\/wp-json\/wp\/v2\/pages"}],"about":[{"href":"https:\/\/trevispa.com\/es\/wp-json\/wp\/v2\/types\/page"}],"author":[{"embeddable":true,"href":"https:\/\/trevispa.com\/es\/wp-json\/wp\/v2\/users\/3"}],"replies":[{"embeddable":true,"href":"https:\/\/trevispa.com\/es\/wp-json\/wp\/v2\/comments?post=850"}],"version-history":[{"count":0,"href":"https:\/\/trevispa.com\/es\/wp-json\/wp\/v2\/pages\/850\/revisions"}],"up":[{"embeddable":true,"href":"https:\/\/trevispa.com\/es\/wp-json\/wp\/v2\/pages\/857"}],"wp:attachment":[{"href":"https:\/\/trevispa.com\/es\/wp-json\/wp\/v2\/media?parent=850"}],"curies":[{"name":"wp","href":"https:\/\/api.w.org\/{rel}","templated":true}]}}