{"id":852,"date":"2025-07-16T07:28:14","date_gmt":"2025-07-16T07:28:14","guid":{"rendered":"https:\/\/trevistg.wpenginepowered.com\/es\/politica-de-cookies\/"},"modified":"2025-07-30T13:56:50","modified_gmt":"2025-07-30T13:56:50","slug":"politica-de-cookies","status":"publish","type":"page","link":"https:\/\/trevispa.com\/es\/politica-de-cookies\/","title":{"rendered":"Pol\u00edtica de cookies"},"content":{"rendered":"\n<div class=\"wp-block-group alignwide\"><div class=\"wp-block-group__inner-container is-layout-constrained wp-block-group-is-layout-constrained\">\n<p><strong>Cookie Policy \u2013 Informativa sul trattamento dei dati personali ai sensi dell\u2019art. 13 del Regolamento UE 2016\/679<\/strong><\/p>\n\n\n\n<p><em>Cookie<\/em><\/p>\n\n\n\n<p><em>Premessa<\/em><br>La presente informativa generale sull\u2019uso dei cookie da parte di Trevi-Finanziaria Industriale S.p.A. \u00e8 riferita ai siti <a href=\"http:\/\/www.trevifin.com\" target=\"_blank\" rel=\"noreferrer noopener\">www.trevifin.com <\/a>, <a href=\"http:\/\/www.trevigroup.com\" target=\"_blank\" rel=\"noreferrer noopener\">www.trevigroup.com<\/a>, <a href=\"http:\/\/www.trevispa.com\" target=\"_blank\" rel=\"noreferrer noopener\">www.trevispa.com<\/a> e <a href=\"http:\/\/www.soilmec.com\" target=\"_blank\" rel=\"noreferrer noopener\">www.soilmec.com<\/a> e tutti i siti delle societ\u00e0 estere che fanno parte del Gruppo Trevi.<\/p>\n\n\n\n<p><em>Definizioni, caratteristiche e applicazione della normativa<\/em><\/p>\n\n\n\n<p>I cookie sono piccoli file di testo che i siti visitati dall&#8217;utente inviano e registrano sul suo computer o dispositivo mobile, per essere poi ritrasmessi agli stessi siti alla successiva visita. Proprio grazie ai cookie un sito ricorda le azioni e preferenze dell&#8217;utente (come, ad esempio, i dati di login, la lingua prescelta, le dimensioni dei caratteri, altre impostazioni di visualizzazione, ecc.) in modo che non debbano essere indicate nuovamente quando l&#8217;utente torni a visitare detto sito o navighi da una pagina all&#8217;altra di esso. I cookie, quindi, sono usati per eseguire autenticazioni informatiche, monitoraggio di sessioni e memorizzazione di informazioni riguardanti le attivit\u00e0 degli utenti che accedono ai Siti e possono contenere anche un codice identificativo unico che consente di tenere traccia della navigazione dell&#8217;utente all&#8217;interno del sito stesso per finalit\u00e0 statistiche o pubblicitarie. Nel corso della navigazione sui Siti, l&#8217;utente pu\u00f2 ricevere sul suo computer anche cookie di siti o di web server diversi da quello che sta visitando (c.d. cookie di \u00abterze parti\u00bb). Alcune operazioni non potrebbero essere compiute senza l&#8217;uso dei cookie, che in certi casi sono quindi tecnicamente necessari per lo stesso funzionamento dei Siti.<br>Esistono vari tipi di cookie, a seconda delle loro caratteristiche e funzioni, e questi possono rimanere nel computer dell&#8217;utente per periodi di tempo diversi: c.d. cookie di sessione, che viene automaticamente cancellato alla chiusura del browser; c.d. cookie persistenti, che permangono sull&#8217;apparecchiatura dell&#8217;utente fino ad una scadenza prestabilita.<br>In base alla normativa vigente in Italia, per l&#8217;utilizzo dei cookie non sempre \u00e8 richiesto un espresso consenso dell&#8217;utente. In particolare, non richiedono tale consenso i \u00abcookie tecnici\u00bb, cio\u00e8 quelli utilizzati al solo fine di effettuare la trasmissione di una comunicazione su una rete di comunicazione elettronica, o nella misura strettamente necessaria per erogare un servizio esplicitamente richiesto dall&#8217;utente. Si tratta, in altre parole, di cookie indispensabili per il funzionamento del sito o necessari per eseguire attivit\u00e0 richieste dall&#8217;utente.<br>Tra i cookie tecnici, che non richiedono un consenso espresso per il loro utilizzo, il Garante per la protezione dei dati personali italiano (cfr. Provvedimento <em>Individuazione delle modalit\u00e0 semplificate per l&#8217;informativa e l&#8217;acquisizione del&nbsp;consenso per l&#8217;uso dei cookie<\/em>&nbsp;dell&#8217;8 maggio 2014 e successivi chiarimenti, di seguito solo \u00abProvvedimento\u00bb) ricomprende anche:<\/p>\n\n\n\n<ul class=\"wp-block-list\">\n<li>i \u00abcookie analytics\u00bb laddove utilizzati direttamente dal gestore dei Siti per raccogliere informazioni, in forma aggregata, sul numero degli utenti e su come questi visitano il sito stesso,<\/li>\n\n\n\n<li>i cookie di navigazione o di sessione (per autenticarsi),<\/li>\n\n\n\n<li>i cookie di funzionalit\u00e0, che permettono all&#8217;utente la navigazione in funzione di una serie di criteri selezionati (ad esempio, la lingua, i prodotti selezionati per l&#8217;acquisto) al fine di migliorare il servizio reso allo stesso.<\/li>\n<\/ul>\n\n\n\n<p>Per i \u00abcookie di profilazione\u00bb, viceversa, cio\u00e8 quelli volti a creare profili relativi all&#8217;utente e utilizzati al fine di inviare messaggi pubblicitari in linea con le preferenze manifestate dallo stesso nell&#8217;ambito della navigazione in rete, \u00e8 richiesto un preventivo consenso dell&#8217;utente.<\/p>\n\n\n\n<p><em>Tipologie di cookie utilizzate dai Siti e possibilit\u00e0 di (de-)selezione<\/em><\/p>\n\n\n\n<p>I Siti utilizzano i seguenti cookie che possono essere de-selezionati, salvo che per i cookie di terze parti per i quali dovr\u00e0 fare riferimento direttamente alle relative modalit\u00e0 di selezione e de-selezione dei rispettivi cookie, indicate a mezzo di link:<\/p>\n\n\n\n<ul class=\"wp-block-list\">\n<li>Cookie tecnici di navigazione o sessione e strettamente necessari per il funzionamento dei Siti o per consentirle di usufruire dei contenuti e dei servizi richiesti.<\/li>\n\n\n\n<li>Cookie di funzionalit\u00e0, cio\u00e8 utilizzati per attivare specifiche funzionalit\u00e0 dei Siti e una serie di criteri selezionati (ad esempio, la lingua) al fine di migliorare il servizio reso.<\/li>\n<\/ul>\n\n\n\n<p>ATTENZIONE: disabilitando i cookie tecnici e\/o di funzionalit\u00e0 dei Siti potrebbe risultare non consultabile o alcuni servizi o determinate funzioni dei Siti potrebbero risultare non disponibili o non funzionare correttamente e potresti essere costretto a modificare o a inserire manualmente alcune informazioni o preferenze ogni volta che visiter\u00e0 il Siti.<\/p>\n\n\n\n<p>Nel dettaglio, i cookie tecnici e analitici inviati da Trevi-Finanziaria Industriale S.p.A. tramite i Siti <a href=\"http:\/\/www.trevifin.com\" target=\"_blank\" rel=\"noreferrer noopener\">www.trevifin.com<\/a>, <a href=\"http:\/\/www.trevigroup.com\" target=\"_blank\" rel=\"noreferrer noopener\">www.trevigroup.com<\/a>, <a href=\"http:\/\/www.trevispa.com\" target=\"_blank\" rel=\"noreferrer noopener\">www.trevispa.com<\/a> e <a href=\"http:\/\/www.soilmec.com\" target=\"_blank\" rel=\"noreferrer noopener\">www.soilmec.com<\/a> sono indicati di seguito:<\/p>\n\n\n\n<figure class=\"wp-block-table\"><table class=\"has-fixed-layout\"><tbody><tr><td><strong>Tipo di cookie e proprietario<\/strong><\/td><td><strong>Nome tecnico dei cookies<\/strong><\/td><td><strong>Tempo di persistenza<\/strong><\/td><\/tr><tr><td>Tecnico \/ Sito del Gruppo Trevi<\/td><td>ASP.NET_SessionId<\/td><td>Sessione<\/td><\/tr><tr><td>Tecnico \/ Sito del Gruppo Trevi<\/td><td>WEBSOLUTE_BI__<\/td><td>1 settimana<\/td><\/tr><tr><td>Tecnico \/ Sito del Gruppo Trevi<\/td><td>afk-********-****-****-****-************<\/td><td>Sessione<\/td><\/tr><tr><td>Tecnico \/ Sito del Gruppo Trevi<\/td><td>_cookiepolicy<\/td><td>1 anno<\/td><\/tr><tr><td>Tecnico \/ Sito del Gruppo Trevi<\/td><td>ASPSESSIONID********<\/td><td>Sessione<\/td><\/tr><tr><td>Analitico \/ Sito del Gruppo Trevi<\/td><td>_ga<\/td><td>2 anni<\/td><\/tr><tr><td>Analitico \/ Sito del Gruppo Trevi<\/td><td>gat<\/td><td>2 ore<\/td><\/tr><tr><td>Tecnico \/ Sito del Gruppo Trevi<\/td><td>gat_MaintenanceTracker<\/td><td>1 giorno<\/td><\/tr><tr><td>Analitico \/ Sito del Gruppo Trevi<\/td><td>gid<\/td><td>1 giorno<\/td><\/tr><tr><td>Tecnico \/ Sito del Gruppo Trevi<\/td><td>mycountry<\/td><td>1 settimana<\/td><\/tr><\/tbody><\/table><\/figure>\n\n\n\n<p>\u00abCookies di profilazione\u00bb propri e\/o di terze parti, cio\u00e8 cookies potenzialmente volti a creare\/arricchire profili relativi all&#8217;utente e utilizzati al fine di inviare e\/o mostrare messaggi pubblicitari in linea con le preferenze manifestate dallo stesso nell&#8217;ambito della navigazione. Per l\u2019impiego di tale tipologia di cookies, \u00e8 sempre necessario il consenso (facoltativo) dell\u2019utente. L\u2019utente pu\u00f2 scegliere a quali cookies di profilazione prestare il consenso. Quando si tratta di cookies cd. di \u00abterze parti\u00bb, cio\u00e8 installati\/utilizzati sui Sitio da soggetti terzi rispetto a ciascun Titolare, l\u2019utente presta o nega il consenso direttamente al proprietario del cookie in questione, al quale il Titolare fa mero rinvio con link.<\/p>\n\n\n\n<p>Sono utilizzati i seguenti cookies di profilazione\/non tecnici e\/o altre tecnologie:<\/p>\n\n\n\n<p><em>Proprietari<\/em><\/p>\n\n\n\n<figure class=\"wp-block-table\"><table class=\"has-fixed-layout\"><tbody><tr><td><strong>Tipo di cookie e proprietario<\/strong><\/td><td><strong>Nome tecnico dei cookies<\/strong><\/td><td><strong>Tempo di persistenza<\/strong><\/td><\/tr><tr><td>&#8211;<\/td><td>&#8211;<\/td><td>&#8211;<\/td><\/tr><\/tbody><\/table><\/figure>\n\n\n\n<p><em>Di terza parte<\/em><\/p>\n\n\n\n<figure class=\"wp-block-table\"><table class=\"has-fixed-layout\"><tbody><tr><td>Google Analytics<\/td><td><a href=\"https:\/\/policies.google.com\/privacy\" target=\"_blank\" rel=\"noreferrer noopener\">https:\/\/policies.google.com\/privacy<\/a><\/td><\/tr><tr><td>youtube.com<\/td><td><a href=\"https:\/\/policies.google.com\/technologies\/cookies\">https:\/\/policies.google.com\/technologies\/cookies<\/a><\/td><\/tr><tr><td>doubleclick.net<\/td><td><a href=\"https:\/\/policies.google.com\/technologies\/types\">https:\/\/policies.google.com\/technologies\/types<\/a><\/td><\/tr><tr><td>issuu.com<\/td><td><a href=\"https:\/\/issuu.com\/legal\/cookies\">https:\/\/issuu.com\/legal\/cookies<\/a><\/td><\/tr><tr><td>quantserve.com<\/td><td><a href=\"https:\/\/www.quantcast.com\/privacy\/\">https:\/\/www.quantcast.com\/privacy\/<\/a><\/td><\/tr><\/tbody><\/table><\/figure>\n\n\n\n<p>L\u2019utente ha la possibilit\u00e0 di bloccare o cancellare (in tutto o in parte) i cookie tecnici e di funzionalit\u00e0 attraverso le specifiche funzioni del suo Browser. Informiamo gli utenti, tuttavia, che non autorizzare i cookie tecnici potrebbe comportare l&#8217;impossibilit\u00e0 di utilizzare i Siti, visionarne i contenuti ed usufruire dei relativi servizi. Inibire i cookie di funzionalit\u00e0 potrebbe comportare che alcuni servizi o determinate funzioni dei Siti non siano disponibili o non funzionino correttamente e potresti essere costretto a modificare o a inserire manualmente alcune informazioni o preferenze ogni volta che visiter\u00e0 i Siti.<br>Le scelte operate in riferimento ai cookie dei Siti saranno a loro volta registrate in un apposito cookie. Tale cookie potrebbe, tuttavia, in alcune circostanze non funzionare correttamente: in tali casi, le consigliamo di cancellare i cookie non graditi e di inibirne l&#8217;utilizzo anche attraverso le funzionalit\u00e0 dei suoi Browser.<\/p>\n\n\n\n<p>Le preferenze in riferimento ai cookie andranno reimpostate nel caso in cui l\u2019utente utilizzi diversi dispositivi o Browser per accedere ai Siti.<\/p>\n\n\n\n<p>Per avere maggiori informazioni su come impostare le preferenze sull\u2019uso dei cookie attraverso il proprio browser di navigazione, \u00e8 possibile consultare le relative istruzioni:<\/p>\n\n\n\n<ul class=\"wp-block-list\">\n<li>Internet Explorer<\/li>\n\n\n\n<li>Firefox<\/li>\n\n\n\n<li>Chrome<\/li>\n\n\n\n<li>Safari<\/li>\n<\/ul>\n\n\n\n<p>11\/22\/2019 9:17:30 AM<\/p>\n<\/div><\/div>\n","protected":false},"excerpt":{"rendered":"<p>Cookie Policy \u2013 Informativa sul trattamento dei dati personali ai sensi dell\u2019art. 13 del Regolamento UE 2016\/679 Cookie PremessaLa presente informativa generale sull\u2019uso dei cookie da parte di Trevi-Finanziaria Industriale S.p.A. \u00e8 riferita ai siti www.trevifin.com , www.trevigroup.com, www.trevispa.com e www.soilmec.com e tutti i siti delle societ\u00e0 estere che fanno parte del Gruppo Trevi. Definizioni, [&hellip;]<\/p>\n","protected":false},"author":3,"featured_media":0,"parent":0,"menu_order":0,"comment_status":"open","ping_status":"open","template":"","meta":{"_acf_changed":false,"footnotes":""},"class_list":["post-852","page","type-page","status-publish","hentry"],"featured_image_src":null,"featured_image_src_square":null,"acf":[],"_links":{"self":[{"href":"https:\/\/trevispa.com\/es\/wp-json\/wp\/v2\/pages\/852","targetHints":{"allow":["GET"]}}],"collection":[{"href":"https:\/\/trevispa.com\/es\/wp-json\/wp\/v2\/pages"}],"about":[{"href":"https:\/\/trevispa.com\/es\/wp-json\/wp\/v2\/types\/page"}],"author":[{"embeddable":true,"href":"https:\/\/trevispa.com\/es\/wp-json\/wp\/v2\/users\/3"}],"replies":[{"embeddable":true,"href":"https:\/\/trevispa.com\/es\/wp-json\/wp\/v2\/comments?post=852"}],"version-history":[{"count":0,"href":"https:\/\/trevispa.com\/es\/wp-json\/wp\/v2\/pages\/852\/revisions"}],"wp:attachment":[{"href":"https:\/\/trevispa.com\/es\/wp-json\/wp\/v2\/media?parent=852"}],"curies":[{"name":"wp","href":"https:\/\/api.w.org\/{rel}","templated":true}]}}