{"id":857,"date":"2025-07-16T07:28:14","date_gmt":"2025-07-16T07:28:14","guid":{"rendered":"https:\/\/trevistg.wpenginepowered.com\/es\/aniversario-de-excelencia\/"},"modified":"2025-09-16T13:31:19","modified_gmt":"2025-09-16T13:31:19","slug":"abouttrevi","status":"publish","type":"page","link":"https:\/\/trevispa.com\/es\/abouttrevi\/","title":{"rendered":"Empresa"},"content":{"rendered":"\n<div class=\"wp-block-group alignwide\"><div class=\"wp-block-group__inner-container is-layout-constrained wp-block-group-is-layout-constrained\">\n<h2 class=\"wp-block-heading has-text-align-center pb-5 has-primary-color has-text-color has-link-color has-large-font-size wp-elements-54267dd69856e3460dc6753ee42681f2\">Historia, conocimientos especializados e innovaci\u00f3n<\/h2>\n\n\n\n<p class=\"has-text-align-center\">Fundado en Cesena en 1957 por el Cavalier Davide Trevisani, el Grupo Trevi est\u00e1 actualmente controlado por CDP Equity y Polaris Capital Management LLC.<\/p>\n\n\n\n<p class=\"has-text-align-center\">Hoy en d\u00eda, el Grupo Trevi es l\u00edder mundial en ingenier\u00eda del subsuelo para cimentaciones especiales, excavaciones de t\u00faneles, consolidaci\u00f3n de terrenos, construcci\u00f3n y comercializaci\u00f3n de maquinaria y equipos especiales del sector.<\/p>\n\n\n\n<p class=\"has-text-align-center\">Entre las razones del \u00e9xito del Grupo Trevi est\u00e1n su internacionalizaci\u00f3n y la integraci\u00f3n e intercambio continuo entre las dos divisiones:&nbsp;<strong>Trevi<\/strong>, que realiza obras de cimentaci\u00f3n especiales y de consolidaci\u00f3n de terrenos para grandes proyectos de infraestructura (metros, presas, puertos y muelles, puentes, l\u00edneas de ferrocarril y autopistas, edificios industriales y civiles), asegura sitios contaminados y&nbsp;<strong>Soilmec<\/strong>, que dise\u00f1a, fabrica y comercializa maquinaria, instalaciones y servicios para ingenier\u00eda subterr\u00e1nea.<\/p>\n\n\n\n<p class=\"has-text-align-center\">La empresa matriz Trevi Finanziaria Industriale Spa cotiza en la bolsa de valores de Mil\u00e1n desde julio de 1999.<\/p>\n\n\n\n<h2 class=\"wp-block-heading has-text-align-center py-5 has-primary-color has-text-color has-link-color has-large-font-size wp-elements-fa2f23945a7567033af605ff3f9f9fdb\">ANIVERSARIO DE EXCELENCIA<\/h2>\n\n\n\n<p class=\"has-text-align-center\">En los \u00faltimos&nbsp;<strong>65 a\u00f1os&nbsp;<\/strong>, la ingenier\u00eda de cimentaci\u00f3n a nivel mundial ha tenido un l\u00edder principal: TREVI. Una empresa que supo combinar estudios continuos, innovaci\u00f3n, amplia experiencia e investigaci\u00f3n interminable para la calidad con una tradici\u00f3n empresarial. Cumpli\u00f3 con los requisitos multifac\u00e9ticos del campo de la cimentaci\u00f3n y nunca dej\u00f3 de demostrar un enfoque positivo con respecto a la variedad de culturas con las que se encuentra.<\/p>\n\n\n\n<p class=\"has-text-align-center\">De este modo, TREVI pudo desarrollar tecnolog\u00edas mundiales innovadoras gracias al an\u00e1lisis pr\u00e1ctico y concreto realizado por profesionales y expertos curiosos, a los sistemas de producci\u00f3n modernos y simplificados y al trabajo duro de equipos repartidos en tierras distantes y casi inaccesibles, pero unidos por valores y una pasi\u00f3n en com\u00fan que no conoce fronteras porque es perfectamente humana.<\/p>\n<\/div><\/div>\n\n\n\n<figure class=\"wp-block-image alignfull size-large py-5\"><img loading=\"lazy\" decoding=\"async\" width=\"1024\" height=\"182\" src=\"https:\/\/trevispa.com\/es\/wp-content\/uploads\/sites\/4\/2025\/07\/directory-1-1024x182.jpg\" alt=\"\" class=\"wp-image-1941\" srcset=\"https:\/\/trevispa.com\/es\/wp-content\/uploads\/sites\/4\/2025\/07\/directory-1-1024x182.jpg 1024w, https:\/\/trevispa.com\/es\/wp-content\/uploads\/sites\/4\/2025\/07\/directory-1-300x53.jpg 300w, https:\/\/trevispa.com\/es\/wp-content\/uploads\/sites\/4\/2025\/07\/directory-1-768x137.jpg 768w, https:\/\/trevispa.com\/es\/wp-content\/uploads\/sites\/4\/2025\/07\/directory-1-1536x274.jpg 1536w, https:\/\/trevispa.com\/es\/wp-content\/uploads\/sites\/4\/2025\/07\/directory-1.jpg 1600w\" sizes=\"auto, (max-width: 1024px) 100vw, 1024px\" \/><\/figure>\n\n\n\n<div class=\"wp-block-group alignwide\"><div class=\"wp-block-group__inner-container is-layout-constrained wp-block-group-is-layout-constrained\">\n<h2 class=\"wp-block-heading has-text-align-center pb-5 has-primary-color has-text-color has-link-color has-large-font-size wp-elements-27a970aa81ef93b7259b0a33137b61ff\">CALIDAD, SALUD, SEGURIDAD Y MEDIO AMBIENTE (QHSE)<\/h2>\n\n\n\n<p class=\"has-text-align-center\"><strong>En TREVI estamos comprometidos a proteger la salud y seguridad de todos los que trabajan con nosotros, viven en las comunidades donde operamos<\/strong>. Dondequiera que estemos, desarrollamos nuestra actividad con respeto y cuidado del medio ambiente, garantizando productos y servicios que cumplan con los mejores criterios de calidad.<\/p>\n\n\n\n<p class=\"has-text-align-center\">De esta manera, nuestro objetivo es lograr desempe\u00f1os de QHSE de los que podamos estar orgullosos, satisfaciendo las expectativas de nuestros clientes y otras partes interesadas, asegurando un crecimiento comercial sostenible.<\/p>\n\n\n\n<p class=\"has-text-align-center\"><strong>Certificates and policies<\/strong><\/p>\n\n\n\n<p class=\"has-text-align-center\"><a href=\"https:\/\/trevispa.com\/es\/wp-content\/uploads\/sites\/4\/2025\/07\/Policy-QHSE_20212-1.pdf\" target=\"_blank\" rel=\"noreferrer noopener\">QHSE Policy TREVI GROUP<\/a><\/p>\n\n\n\n<p class=\"has-text-align-center\"><a href=\"https:\/\/trevispa.com\/es\/wp-content\/uploads\/sites\/4\/2025\/07\/ISO-9001-173266-2015-AQ-ITA-ACCREDIA-9-it-IT-20240223-20240223140747.pdf\" target=\"_blank\" rel=\"noreferrer noopener\">Certificate ISO9001:2015 TREVI<\/a><\/p>\n\n\n\n<p class=\"has-text-align-center\"><a href=\"https:\/\/trevispa.com\/es\/wp-content\/uploads\/sites\/4\/2025\/07\/ISO-14001-10000457256-MSC-ACCREDIA-ITA-1-it-IT-20240301-20240301104905.pdf\" target=\"_blank\" rel=\"noreferrer noopener\">Certificate ISO14001:2015 TREVI<\/a><\/p>\n\n\n\n<p class=\"has-text-align-center\"><a href=\"https:\/\/trevispa.com\/es\/wp-content\/uploads\/sites\/4\/2025\/07\/ISO-45001-10000457372-MSC-ACCREDIA-ITA-1-it-IT-20240301-20240301104857.pdf\" target=\"_blank\" rel=\"noreferrer noopener\">Certificate ISO45001:2018 TREVI<\/a><br>&nbsp;<\/p>\n\n\n\n<h2 class=\"wp-block-heading has-text-align-center py-5 has-primary-color has-text-color has-link-color has-large-font-size wp-elements-fbb5c7fa1caa1016e72296e7a59a8ee0\">POL\u00cdTICA DE CMAS INTEGRADA<\/h2>\n\n\n\n<p class=\"has-text-align-center\">La pol\u00edtica de Trevi sobre Calidad, Medio Ambiente y Seguridad forma parte de una tradici\u00f3n y una voluntad precisa de Davide Trevisani quien, desde la fundaci\u00f3n del Grupo Trevi, en 1957, coloc\u00f3 a la persona y el trabajo como uno de los pilares fundamentales de su \u00abmisi\u00f3n\u00bb.<\/p>\n\n\n\n<p class=\"has-text-align-center\">La cultura integrada de calidad, seguridad y medio ambiente siempre ha sido un elemento distintivo de Trevi, la tarjeta de presentaci\u00f3n con la que la empresa siempre se ha presentado en el mercado nacional y mundial.&nbsp;Desde 1995 la empresa cuenta con las certificaciones que convalida oficialmente la conformidad del Sistema de Calidad, Medio Ambiente y Seguridad a las normas europeas UNI-EN ISO 9001, 14001 y OHSAS 18001.<\/p>\n\n\n\n<h2 class=\"wp-block-heading has-text-align-center py-5 has-primary-color has-text-color has-link-color has-large-font-size wp-elements-7475a2f07642633234b1d9ed5ff4c8fd\">C\u00d3DIGO \u00c9TICO<\/h2>\n\n\n\n<p class=\"has-text-align-center\">El C\u00f3digo \u00c9tico de Trevi es una emanaci\u00f3n directa del c\u00f3digo del Grupo Trevi y expresa los compromisos y responsabilidades \u00e9ticas en la conducci\u00f3n de negocios y actividades de la empresa realizadas por sus colaboradores. En este sentido, la compa\u00f1\u00eda est\u00e1 convencida de que, en el desarrollo de sus actividades, la \u00e9tica es una condici\u00f3n indispensable para su \u00e9xito, una herramienta para promover su imagen y, al mismo tiempo, la representaci\u00f3n de un patrimonio de valores que inspira las actividades de la empresa. Trevi ha decidido adoptar este C\u00f3digo a tal efecto que, en l\u00ednea con los principios de correcci\u00f3n, lealtad y honestidad ya compartidos, tiene como objetivo regular las actividades de la propia empresa, a trav\u00e9s de la definici\u00f3n de reglas de comportamiento que establecen los principios generales de referencia.<\/p>\n<\/div><\/div>\n\n\n\n<figure class=\"wp-block-image alignfull size-large py-5\"><img loading=\"lazy\" decoding=\"async\" width=\"1024\" height=\"182\" src=\"https:\/\/trevispa.com\/es\/wp-content\/uploads\/sites\/4\/2025\/07\/group-1-1024x182.jpg\" alt=\"\" class=\"wp-image-1947\" srcset=\"https:\/\/trevispa.com\/es\/wp-content\/uploads\/sites\/4\/2025\/07\/group-1-1024x182.jpg 1024w, https:\/\/trevispa.com\/es\/wp-content\/uploads\/sites\/4\/2025\/07\/group-1-300x53.jpg 300w, https:\/\/trevispa.com\/es\/wp-content\/uploads\/sites\/4\/2025\/07\/group-1-768x137.jpg 768w, https:\/\/trevispa.com\/es\/wp-content\/uploads\/sites\/4\/2025\/07\/group-1-1536x274.jpg 1536w, https:\/\/trevispa.com\/es\/wp-content\/uploads\/sites\/4\/2025\/07\/group-1.jpg 1600w\" sizes=\"auto, (max-width: 1024px) 100vw, 1024px\" \/><\/figure>\n\n\n\n<div class=\"wp-block-group alignwide\"><div class=\"wp-block-group__inner-container is-layout-constrained wp-block-group-is-layout-constrained\">\n<h2 class=\"wp-block-heading has-text-align-center pb-5 has-primary-color has-text-color has-link-color has-large-font-size wp-elements-e9c5e62be6aef4d823cad0c2c3f6ba6f\">NUESTRO GRUPO<\/h2>\n\n\n\n<p class=\"has-text-align-center\">El Grupo Trevi es un l\u00edder mundial en el campo de la ingenier\u00eda de suelos (cimentaciones especiales, excavaci\u00f3n de t\u00faneles, consolidaci\u00f3n de suelos y construcci\u00f3n y comercializaci\u00f3n de maquinaria y equipos especiales importantes en este sector de ingenier\u00eda<\/p>\n\n\n\n<p class=\"has-text-align-center\">Trevi Group tiene alrededor de 85 compa\u00f1\u00edas y, con sus distribuidores y distribuidores, est\u00e1 presente en m\u00e1s de 80 pa\u00edses y su \u00e9xito&nbsp;se debe a la integraci\u00f3n de las divisiones principales que conforman el grupo, Trevi y Soilmec.<\/p>\n\n\n\n<p class=\"has-text-align-center\">La empresa matriz, TREVI \u2013 Finanziaria Industriale Spa, opera en la bolsa de valores de Mil\u00e1n desde julio de 1999.<\/p>\n\n\n\n<div style=\"height:60px\" aria-hidden=\"true\" class=\"wp-block-spacer\"><\/div>\n<\/div><\/div>\n\n\n\n<div class=\"wp-block-columns are-vertically-aligned-top is-layout-flex wp-container-core-columns-is-layout-9d6595d7 wp-block-columns-is-layout-flex\">\n<div class=\"wp-block-column is-vertically-aligned-top is-layout-flow wp-block-column-is-layout-flow\"><div class=\"wp-block-image px-lg-5\">\n<figure class=\"aligncenter size-full\"><img decoding=\"async\" src=\"https:\/\/trevispa.com\/it\/wp-content\/uploads\/sites\/2\/2025\/07\/trevi-bianco-1-768x307-1.jpg\" alt=\"\" class=\"wp-image-2169\" style=\"object-fit:cover\"\/><\/figure>\n<\/div>\n\n\n<p class=\"has-text-align-center\"><strong>TREVI<\/strong>&nbsp;opera en la ejecuci\u00f3n de trabajos especializados en el campo de la ingenier\u00eda subterr\u00e1nea, siempre logrando resultados excelentes, y presta servicios con un alto valor agregado y con altos m\u00e1rgenes de rentabilidad<\/p>\n<\/div>\n\n\n\n<div class=\"wp-block-column is-vertically-aligned-top is-layout-flow wp-block-column-is-layout-flow\"><div class=\"wp-block-image px-lg-5\">\n<figure class=\"aligncenter size-full\"><img decoding=\"async\" src=\"https:\/\/trevispa.com\/it\/wp-content\/uploads\/sites\/2\/2025\/07\/solimec-bianco-1-768x307-1.jpg\" alt=\"\" class=\"wp-image-2170\" style=\"object-fit:cover\"\/><\/figure>\n<\/div>\n\n\n<p class=\"has-text-align-center\"><strong>SOILMEC<\/strong>&nbsp;fabrica m\u00e1quinas y equipos que se utilizan para la ingenier\u00eda de cimentaci\u00f3n. Sus productos son el resultado de cuarenta a\u00f1os de experiencia, y se prueban bajo las condiciones m\u00e1s dif\u00edciles en las obras que el Grupo realiza en todo el mundo a trav\u00e9s de la Divisi\u00f3n TREVI.<\/p>\n<\/div>\n<\/div>\n","protected":false},"excerpt":{"rendered":"<p>Historia, conocimientos especializados e innovaci\u00f3n Fundado en Cesena en 1957 por el Cavalier Davide Trevisani, el Grupo Trevi est\u00e1 actualmente controlado por CDP Equity y Polaris Capital Management LLC. Hoy en d\u00eda, el Grupo Trevi es l\u00edder mundial en ingenier\u00eda del subsuelo para cimentaciones especiales, excavaciones de t\u00faneles, consolidaci\u00f3n de terrenos, construcci\u00f3n y comercializaci\u00f3n de [&hellip;]<\/p>\n","protected":false},"author":3,"featured_media":0,"parent":0,"menu_order":0,"comment_status":"open","ping_status":"open","template":"","meta":{"_acf_changed":true,"footnotes":""},"class_list":["post-857","page","type-page","status-publish","hentry"],"featured_image_src":null,"featured_image_src_square":null,"acf":[],"_links":{"self":[{"href":"https:\/\/trevispa.com\/es\/wp-json\/wp\/v2\/pages\/857","targetHints":{"allow":["GET"]}}],"collection":[{"href":"https:\/\/trevispa.com\/es\/wp-json\/wp\/v2\/pages"}],"about":[{"href":"https:\/\/trevispa.com\/es\/wp-json\/wp\/v2\/types\/page"}],"author":[{"embeddable":true,"href":"https:\/\/trevispa.com\/es\/wp-json\/wp\/v2\/users\/3"}],"replies":[{"embeddable":true,"href":"https:\/\/trevispa.com\/es\/wp-json\/wp\/v2\/comments?post=857"}],"version-history":[{"count":0,"href":"https:\/\/trevispa.com\/es\/wp-json\/wp\/v2\/pages\/857\/revisions"}],"wp:attachment":[{"href":"https:\/\/trevispa.com\/es\/wp-json\/wp\/v2\/media?parent=857"}],"curies":[{"name":"wp","href":"https:\/\/api.w.org\/{rel}","templated":true}]}}