{"id":862,"date":"2025-07-16T07:28:14","date_gmt":"2025-07-16T07:28:14","guid":{"rendered":"https:\/\/trevistg.wpenginepowered.com\/es\/trevi-algerie\/"},"modified":"2025-09-26T08:11:12","modified_gmt":"2025-09-26T08:11:12","slug":"trevi-algerie","status":"publish","type":"page","link":"https:\/\/trevispa.com\/es\/abouttrevi\/trevi-algerie\/","title":{"rendered":"Trevi Algerie"},"content":{"rendered":"\n<div class=\"wp-block-group alignwide\"><div class=\"wp-block-group__inner-container is-layout-constrained wp-block-group-is-layout-constrained\">\n<h3 class=\"wp-block-heading\"><strong>Une pr\u00e9sence qualifi\u00e9e en Alg\u00e9rie dans le secteur des Technologies du Sol<\/strong><\/h3>\n\n\n\n<p>TREVI est pr\u00e9sent en Alg\u00e9rie depuis 1995 et a entrepris ses activit\u00e9s propres en Alg\u00e9rie \u00e0 partir du mois de Juillet 2000 avec la filiale TREVI Alg\u00e9rie. L&#8217;entreprise op\u00e8re en qualit\u00e9 d&#8217;entreprise sp\u00e9cialis\u00e9e dans le domaine des ouvrages sp\u00e9ciaux tels que :<\/p>\n\n\n\n<ul class=\"wp-block-list\">\n<li>Reconnaissances g\u00e9otechniques et essais in situ<\/li>\n\n\n\n<li>Perforation et Injection<\/li>\n\n\n\n<li>Paroi Moul\u00e9e<\/li>\n\n\n\n<li>Jet Grouting<\/li>\n\n\n\n<li>Tirants d&#8217;Ancrages provisoires et permanents<\/li>\n\n\n\n<li>Pieux For\u00e9s et S\u00e9cants<\/li>\n\n\n\n<li>Micro pieux arm\u00e9s et non arm\u00e9s<\/li>\n\n\n\n<li>Clouage<\/li>\n\n\n\n<li>Enfilage tunnel<\/li>\n\n\n\n<li>Inclusions rigides<\/li>\n\n\n\n<li>Palplanches<\/li>\n<\/ul>\n\n\n\n<p>La Trevi Alg\u00e9rie Eurl, filiale de la soci\u00e9t\u00e9 Trevi SPA, ayant son si\u00e8ge en Italie, et d\u00e9pendant directement de celle-ci, poss\u00e8de un personnel remarquablement organis\u00e9 et hautement qualifi\u00e9, des \u00e9quipements de forage modernes et une technologie de pointe. Ces facteurs r\u00e9unis contribuent \u00e0 fournir une&nbsp;<strong>production \u00e9lev\u00e9e<\/strong>, une&nbsp;<strong>haute qualit\u00e9 des oeuvres r\u00e9alis\u00e9es<\/strong>&nbsp;et des&nbsp;<strong>temps de r\u00e9alisation r\u00e9duits<\/strong>.<\/p>\n\n\n\n<p>La culture int\u00e9gr\u00e9e de la qualit\u00e9, de la s\u00e9curit\u00e9 et de l&#8217;environnement est depuis toujours un \u00e9l\u00e9ment distinctif de Trevi, la carte de visite avec laquelle l&#8217;entreprise s&#8217;est toujours pr\u00e9sent\u00e9e sur le march\u00e9 national et mondial. Aujourd&#8217;hui, le Groupe Trevi est&nbsp;<strong>leader mondial dans l&#8217;Ing\u00e9nierie du sous-sol<\/strong>&nbsp;pour des fondations sp\u00e9ciales, creusement de tunnel, consolidation de terrain, r\u00e9alisation et commercialisation d&#8217;engins et d&#8217;\u00e9quipements sp\u00e9cialis\u00e9s dans le secteur. Le Groupe fait du d\u00e9veloppement, de la recherche et du design sa propre mission, et veut se d\u00e9dier avec engagement et passion \u00e0 la construction de bases utiles \u00e0 la croissance socio-\u00e9conomique, dans le respect des cultures et de l&#8217;environnement.<\/p>\n\n\n\n<p>Trevi a op\u00e9r\u00e9 avec succ\u00e8s dans des projets importants. Chronologiquement, le domaine des ressources en eau a le premier vu TREVI s&#8217;engager dans de grands projets de barrages et transferts en phase d&#8217;\u00e9tude d&#8217;APD et en phase de construction :<\/p>\n\n\n\n<ul class=\"wp-block-list\">\n<li>Barrages Hammam Boughrara (W.Tlemcen)<\/li>\n\n\n\n<li>Taksebt (W. Tizi Ouzou)<\/li>\n\n\n\n<li>Br\u00e9zina (W. El Bayadh)<\/li>\n\n\n\n<li>Ain Youcef Sikkak (W. Tlemcen)<\/li>\n\n\n\n<li>Sidi M&#8217;hammed Ben Taiba (W. Ain Defla)<\/li>\n\n\n\n<li>Kramis (W. Mostaganem)<\/li>\n\n\n\n<li>Beni Haroun (W. Mila)<\/li>\n\n\n\n<li>Kissir (W. Jijel)<\/li>\n\n\n\n<li>Ch\u00e9liff Mao Lot 1 (W. Mostaganem)<\/li>\n\n\n\n<li>Kef Eddir (W. Tipaza)<\/li>\n\n\n\n<li>Tagharist (W. Khenchela)<\/li>\n\n\n\n<li>Tichy-Haf (W. Bejaia)<\/li>\n\n\n\n<li>Boukhroufa (W. Taref)<\/li>\n\n\n\n<li>Djedra (W. Souk Ahras)<\/li>\n\n\n\n<li>Souk Tlata (W. Tizi Ouzou)<\/li>\n<\/ul>\n\n\n\n<p>Le m\u00e9tro d&#8217;Alger, un projet d&#8217;envergure, a vu l&#8217;application des techniques et technologies innovatrices, comme la paroi moul\u00e9e creus\u00e9e par l&#8217;hydrofraise, les pieux s\u00e9cants (CSP) et le traitement du sol et le jet grouting. Les travaux relatifs \u00e0 la premi\u00e8re ligne phase 1 et 2 (Hai el Badr \u2014 El Harrach) et l&#8217;extension C (Hal El Badr \u2014 Ain Naadja) sont achev\u00e9s. Les travaux en cours sont au niveau de l&#8217;extension Cl (Ain Naadja \u2014 Baraki) pour les pieux for\u00e9s, tirants d&#8217;ancrage, et enfilages, ainsi que l&#8217;Extension B1 (El Harrach &#8211; A\u00e9roport International) pour les parois moul\u00e9es, pieux for\u00e9s, tirants d&#8217;ancrages et Jet grouting.<\/p>\n\n\n\n<p>L&#8217;autoroute Est \u2014 Ouest, le plus grand projet autoroutier de l&#8217;Afrique du Nord, b\u00e9n\u00e9ficie de la pr\u00e9sence de Trevi sur le terrain, apportant les technologies les plus appropri\u00e9es et avantageuses : pieux for\u00e9s, micro pieux, tirants d&#8217;ancrage, drainage, clouage de sol. La p\u00e9n\u00e9trante de Tizi Ouzou est \u00e9galement en cours de r\u00e9alisation.<\/p>\n\n\n\n<p>La nouvelle ligne ferroviaire Oued Tlelat\/Tlemcen\/Fronti\u00e8res Marocaines inclut des travaux de pieux, micro pieux, palplanches, Jet Grouting, tirants d&#8217;ancrage, sondages, inclinom\u00e8tres et drains. La modernisation de la ligne ferroviaire Th\u00e9nia \u2014 Tizi Ouzou comprend des pieux for\u00e9s, et la r\u00e9alisation de la nouvelle ligne ferroviaire Saida \u2014 Moulay Slissen, ainsi que le tramway de Mostaganem avec des pieux for\u00e9s, micro pieux et tirants d&#8217;ancrage.<\/p>\n\n\n\n<p>Autre intervention d&#8217;importance et une premi\u00e8re en Alg\u00e9rie : des fondations en pieux de \u00d8 2000 mm pour le viaduc Transrhumel de Constantine.<\/p>\n\n\n\n<p>Citons \u00e9galement notre participation sur d&#8217;autres projets tels que :<\/p>\n\n\n\n<ul class=\"wp-block-list\">\n<li>Pieux battus pour le nouveau train GNL de la raffinerie de Skikda<\/li>\n\n\n\n<li>Projet LNG plant Arzew<\/li>\n\n\n\n<li>Si\u00e8ge de l&#8217;Alg\u00e9rie poste<\/li>\n\n\n\n<li>ATM Mobilis<\/li>\n\n\n\n<li>Collecteur intercommunal d&#8217;Alger<\/li>\n\n\n\n<li>Station de dessalement du Hamma d&#8217;Alger<\/li>\n\n\n\n<li>Ligne de transmission de 400kv \u2014 B\u00e9char<\/li>\n\n\n\n<li>Port d&#8217;Annaba<\/li>\n\n\n\n<li>Terga Power Plant \u00e0 Ain Temouchent<\/li>\n\n\n\n<li>Parc Dounia \u00e0 Alger<\/li>\n\n\n\n<li>Future cimenterie de Hodna Cement Company<\/li>\n\n\n\n<li>Fondations du minaret de la grande Mosqu\u00e9e d&#8217;Alger avec une nouvelle technologie \u00e0 barrettes<\/li>\n\n\n\n<li>Aci\u00e9rie de Bellara \u00e0 Jijel avec les inclusions rigides CFA<\/li>\n<\/ul>\n\n\n\n<hr class=\"wp-block-separator has-alpha-channel-opacity\"\/>\n\n\n\n<p><strong>Tr\u00e9vi Alg\u00e9rie est une soci\u00e9t\u00e9 du&nbsp;<a href=\"http:\/\/www.trevigroup.com\/\" target=\"_blank\" rel=\"noreferrer noopener\">Groupe Tr\u00e9vi<\/a>&nbsp;<\/strong><\/p>\n\n\n\n<p>L&#8217;internationalisation, l&#8217;int\u00e9gration et l&#8217;\u00e9change continu entre ses deux divisions sont quelques-unes des raisons du succ\u00e8s du Groupe Trevi :&nbsp;<a href=\"http:\/\/www.trevispa.com\/\" target=\"_blank\" rel=\"noreferrer noopener\">Trevi<\/a>, qui r\u00e9alise des travaux de fondations sp\u00e9ciales et de consolidation du sol pour de grands projets d&#8217;infrastructure (m\u00e9tros, barrages, ports et quais, ponts, lignes ferroviaires et autorouti\u00e8res, b\u00e2timents industriels et civils) et s\u00e9curise des sites contamin\u00e9s, et&nbsp;<a href=\"http:\/\/www.soilmec.com\/\" target=\"_blank\" rel=\"noreferrer noopener\">Soilmec<\/a>, qui con\u00e7oit, produit et commercialise des machines, des syst\u00e8mes et des services pour l&#8217;ing\u00e9nierie des sols.<\/p>\n\n\n\n<p>La soci\u00e9t\u00e9 m\u00e8re&nbsp;<a href=\"http:\/\/www.trevifin.com\/\">TREVI \u2013 Finanziaria Industriale Spa<\/a>&nbsp;est cot\u00e9e \u00e0 la bourse de Milan depuis juillet 1999.<\/p>\n\n\n\n<hr class=\"wp-block-separator has-alpha-channel-opacity\"\/>\n\n\n\n<h3 class=\"wp-block-heading\"><strong>Nos contacts<\/strong><\/h3>\n\n\n\n<p>Pour plus d&#8217;informations, cliquez sur ce lien :\u00a0<a href=\"https:\/\/trevispa.com\/es\/contactos\/#form-contatti\">Contactez-nous<\/a><\/p>\n\n\n\n<h3 class=\"wp-block-heading\"><strong>O\u00f9 nous sommes<\/strong><\/h3>\n\n\n\n<p><strong>Trevi Alg\u00e9rie Eurl<\/strong><br>09 rue des Jardins Hydra Alger<br>Tel: +213 (0)561 62 73 57 \/ +213 (0)23 48 64 29<br>Mod: +213 (0)23 48 65 02<br>Email: trevialgerie@trevispa.com<\/p>\n<\/div><\/div>\n","protected":false},"excerpt":{"rendered":"<p>Une pr\u00e9sence qualifi\u00e9e en Alg\u00e9rie dans le secteur des Technologies du Sol TREVI est pr\u00e9sent en Alg\u00e9rie depuis 1995 et a entrepris ses activit\u00e9s propres en Alg\u00e9rie \u00e0 partir du mois de Juillet 2000 avec la filiale TREVI Alg\u00e9rie. L&#8217;entreprise op\u00e8re en qualit\u00e9 d&#8217;entreprise sp\u00e9cialis\u00e9e dans le domaine des ouvrages sp\u00e9ciaux tels que : La [&hellip;]<\/p>\n","protected":false},"author":3,"featured_media":0,"parent":857,"menu_order":0,"comment_status":"open","ping_status":"open","template":"template-menu-destra.php","meta":{"_acf_changed":true,"footnotes":""},"class_list":["post-862","page","type-page","status-publish","hentry"],"featured_image_src":null,"featured_image_src_square":null,"acf":[],"_links":{"self":[{"href":"https:\/\/trevispa.com\/es\/wp-json\/wp\/v2\/pages\/862","targetHints":{"allow":["GET"]}}],"collection":[{"href":"https:\/\/trevispa.com\/es\/wp-json\/wp\/v2\/pages"}],"about":[{"href":"https:\/\/trevispa.com\/es\/wp-json\/wp\/v2\/types\/page"}],"author":[{"embeddable":true,"href":"https:\/\/trevispa.com\/es\/wp-json\/wp\/v2\/users\/3"}],"replies":[{"embeddable":true,"href":"https:\/\/trevispa.com\/es\/wp-json\/wp\/v2\/comments?post=862"}],"version-history":[{"count":0,"href":"https:\/\/trevispa.com\/es\/wp-json\/wp\/v2\/pages\/862\/revisions"}],"up":[{"embeddable":true,"href":"https:\/\/trevispa.com\/es\/wp-json\/wp\/v2\/pages\/857"}],"wp:attachment":[{"href":"https:\/\/trevispa.com\/es\/wp-json\/wp\/v2\/media?parent=862"}],"curies":[{"name":"wp","href":"https:\/\/api.w.org\/{rel}","templated":true}]}}