{"id":12,"date":"2025-06-17T08:49:02","date_gmt":"2025-06-17T08:49:02","guid":{"rendered":"https:\/\/trevistg.wpenginepowered.com\/it\/anniversary-of-excellence\/"},"modified":"2026-02-09T07:38:59","modified_gmt":"2026-02-09T07:38:59","slug":"abouttrevi","status":"publish","type":"page","link":"https:\/\/trevispa.com\/it\/abouttrevi\/","title":{"rendered":"Azienda"},"content":{"rendered":"\n<div class=\"wp-block-group alignwide\"><div class=\"wp-block-group__inner-container is-layout-constrained wp-block-group-is-layout-constrained\">\n<h2 class=\"wp-block-heading has-text-align-center my-5 has-primary-color has-text-color has-link-color has-x-large-font-size wp-elements-35b317cb4ae776c25a5d42fb141801a1\" style=\"text-transform:uppercase\">Tradizione, Esperienza e Innovazione<\/h2>\n\n\n\n<p class=\"has-text-align-center\">Fondato a Cesena nel 1957 dal Cavalier Davide Trevisani, il Gruppo Trevi \u00e8 attualmente controllato da CDP Equity e Polaris Capital Management LLC.<\/p>\n\n\n\n<p class=\"has-text-align-center\">Il Gruppo Trevi \u00e8 un leader mondiale nell\u2019ingegneria del sottosuolo per fondazioni speciali, scavi di gallerie, consolidamenti del terreno, realizzazione e commercializzazione dei macchinari e delle attrezzature specialistiche del settore.<\/p>\n\n\n\n<p class=\"has-text-align-center\">Fra le ragioni del successo del Gruppo Trevi ci sono l&#8217;internazionalizzazione e l\u2019integrazione e l\u2019interscambio continuo tra le due divisioni:&nbsp;<strong>Trevi<\/strong>, che realizza opere di fondazioni speciali e consolidamenti di terreni per grandi interventi infrastrutturali (metropolitane, dighe, porti e banchine, ponti, linee ferroviarie e autostradali, edifici industriali e civili), mette insicurezza siti inquinati e&nbsp;<strong>Soilmec<\/strong>, che progetta, produce e commercializza macchinari, impianti e servizi per l&#8217;ingegneria del sottosuolo.<\/p>\n\n\n\n<p class=\"has-text-align-center\">La capogruppo&nbsp;<a href=\"https:\/\/www.trevifin.com\/it\/\">Trevi Finanziaria Industriale Spa<\/a>&nbsp;\u00e8 quotata alla borsa di Milano dal mese di luglio 1999<\/p>\n\n\n\n<h2 class=\"wp-block-heading has-text-align-center my-5 has-primary-color has-text-color has-link-color has-x-large-font-size wp-elements-d3b45f4dfde291d5e03265f6f2e25a1d\">ANNIVERSARY OF EXCELLENCE<\/h2>\n\n\n\n<p class=\"has-text-align-center\">Negli ultimi 65 anni l&#8217;ingegneria del sottosuolo ha avuto un leader di riferimento riconosciuto a livello mondiale: Trevi.<\/p>\n\n\n\n<p class=\"has-text-align-center\">Un&#8217;azienda che \u00e8 riuscita a combinare studi continui, innovazione, vasta esperienza e ricerca costante della qualit\u00e0 con una tradizione imprenditoriale oculata e che \u00e8 riuscita a soddisfare le richieste pi\u00f9 svariate del settore fondazioni senza mai perdere un approccio positivo verso la variet\u00e0 delle culture incontrate.<\/p>\n\n\n\n<p class=\"has-text-align-center\">Cos\u00ec facendo, Trevi \u00e8 riuscita a sviluppare tecnologie globali innovative grazie ad un&#8217;analisi pratica e concreta condotta da professionisti ed esperti mossi dalla voglia di conoscere, a sistemi di produzione moderni e dinamici, ed al duro lavoro di personale dislocato in territori distanti e talvolta inaccessibili ma unito da valori comuni ed una passione che non conosce confini, perch\u00e9 cos\u00ec perfettamente umana.<\/p>\n\n\n\n<div style=\"height:40px\" aria-hidden=\"true\" class=\"wp-block-spacer\"><\/div>\n<\/div><\/div>\n\n\n\n<div class=\"wp-block-group alignfull\"><div class=\"wp-block-group__inner-container is-layout-constrained wp-block-group-is-layout-constrained\">\n<figure class=\"wp-block-image alignwide size-large\"><img loading=\"lazy\" decoding=\"async\" width=\"1024\" height=\"182\" src=\"https:\/\/trevispa.com\/it\/wp-content\/uploads\/sites\/2\/2025\/06\/directory-1-1024x182.jpg\" alt=\"\" class=\"wp-image-54\" srcset=\"https:\/\/trevispa.com\/it\/wp-content\/uploads\/sites\/2\/2025\/06\/directory-1-1024x182.jpg 1024w, https:\/\/trevispa.com\/it\/wp-content\/uploads\/sites\/2\/2025\/06\/directory-1-300x53.jpg 300w, https:\/\/trevispa.com\/it\/wp-content\/uploads\/sites\/2\/2025\/06\/directory-1-768x137.jpg 768w, https:\/\/trevispa.com\/it\/wp-content\/uploads\/sites\/2\/2025\/06\/directory-1-1536x274.jpg 1536w, https:\/\/trevispa.com\/it\/wp-content\/uploads\/sites\/2\/2025\/06\/directory-1.jpg 1600w\" sizes=\"auto, (max-width: 1024px) 100vw, 1024px\" \/><\/figure>\n<\/div><\/div>\n\n\n\n<div class=\"wp-block-group alignwide\"><div class=\"wp-block-group__inner-container is-layout-constrained wp-block-group-is-layout-constrained\">\n<div style=\"height:40px\" aria-hidden=\"true\" class=\"wp-block-spacer\"><\/div>\n\n\n\n<h2 class=\"wp-block-heading has-text-align-center my-5 has-primary-color has-text-color has-link-color has-x-large-font-size wp-elements-141a46522f6ddeffd80f265d719a9804\">QUALITA\u2019, SALUTE, SICUREZZA E AMBIENTE (QHSE)<\/h2>\n\n\n\n<p class=\"has-text-align-center\"><strong>In TREVI ci impegniamo a proteggere la salute e la sicurezza di tutti coloro che lavorano con noi o che vivono nelle comunit\u00e0 in cui operiamo<\/strong>. Ovunque ci troviamo, portiamo avanti la nostra attivit\u00e0 nel rispetto e nella cura dell&#8217;ambiente, garantendo prodotti e servizi che soddisfino i migliori standard di qualit\u00e0.<\/p>\n\n\n\n<p class=\"has-text-align-center\">Cos\u00ec facendo, puntiamo a raggiungere performance in ambito QHSE di cui possiamo essere orgogliosi, generando soddisfazione dei nostri clienti e degli altri stakeholders, ed assicurando una crescita sostenibile del nostro business.<\/p>\n\n\n\n<p class=\"has-text-align-center\"><strong>Certificazioni e politiche<\/strong><\/p>\n\n\n\n<p class=\"has-text-align-center\"><a href=\"https:\/\/trevispa.com\/it\/wp-content\/uploads\/sites\/2\/2025\/06\/Policy-QHSE_20211-1.pdf\" target=\"_blank\" rel=\"noreferrer noopener\">Politica QHSE TREVI GROUP<\/a><\/p>\n\n\n\n<p class=\"has-text-align-center\"><a href=\"https:\/\/trevispa.com\/it\/wp-content\/uploads\/sites\/2\/2025\/06\/ISO-9001-173266-2015-AQ-ITA-ACCREDIA-9-it-IT-20240223-20240223140747-1.pdf\" target=\"_blank\" rel=\"noreferrer noopener\">Certificato ISO9001:2015 TREVI<\/a><\/p>\n\n\n\n<p class=\"has-text-align-center\"><a href=\"https:\/\/trevispa.com\/it\/wp-content\/uploads\/sites\/2\/2025\/06\/ISO-14001-10000457256-MSC-ACCREDIA-ITA-1-it-IT-20240301-20240301104905-1.pdf\" target=\"_blank\" rel=\"noreferrer noopener\">Certificato ISO14001:2015 TREVI<\/a><\/p>\n\n\n\n<p class=\"has-text-align-center\"><a href=\"https:\/\/trevispa.com\/it\/wp-content\/uploads\/sites\/2\/2025\/06\/ISO-45001-10000457372-MSC-ACCREDIA-ITA-1-it-IT-20240301-20240301104857-1.pdf\" target=\"_blank\" rel=\"noreferrer noopener\">Certificato ISO45001:2018 TREVI<\/a><\/p>\n\n\n\n<h2 class=\"wp-block-heading has-text-align-center my-5 has-primary-color has-text-color has-link-color has-x-large-font-size wp-elements-0a8c87e98b51ac98d65f5176e61936ab\">CODICE ETICO<\/h2>\n\n\n\n<p class=\"has-text-align-center\">Il Codice Etico di Trevi \u00e8 diretta emanazione di quello del Gruppo Trevi ed esprime gli impegni e le responsabilit\u00e0 etiche nella conduzione degli affari e delle attivit\u00e0 aziendali assunte dai propri collaboratori. In questo senso, \u00e8 convincimento della societ\u00e0 che l\u2019etica nella conduzione delle proprie attivit\u00e0 sia una condizione indispensabile per il suo successo, uno strumento di promozione della propria immagine e contestualmente, la rappresentazione di un patrimonio di valori che ispirano la societ\u00e0 nel proprio operare.<\/p>\n\n\n\n<p class=\"has-text-align-center\">A questo scopo Trevi ha deciso di adottare questo Codice che, in linea con i principi di correttezza, lealt\u00e0, onest\u00e0 gi\u00e0 condivisi dall\u2019azienda, \u00e8 destinato a regolare le attivit\u00e0 dell\u2019azienda stessa, attraverso la definizione di norme comportamentali che fissano i principi generali di riferimento.<\/p>\n\n\n\n<p class=\"has-text-align-center my-5 has-medium-font-size\"><a href=\"#download-section\">Vai al Codice Etico del Gruppo Trevi<\/a><\/p>\n\n\n\n<h2 class=\"wp-block-heading has-text-align-center my-5 has-primary-color has-text-color has-link-color has-x-large-font-size wp-elements-fcf990b13cee31829978471f7e776965\">MODELLO 231<\/h2>\n\n\n\n<p class=\"has-text-align-center\">Trevi, sensibile alla necessit\u00e0 di assicurare condizioni di correttezza e di trasparenza nella conduzione degli affari e delle attivit\u00e0 aziendali, in relazione alle aspettative dei propri azionisti e del lavoro dei propri dipendenti, ha provveduto ad attuare il&nbsp;<strong>Modello di Organizzazione, Gestione e Controllo (D.lgs 231\/2001)<\/strong>&nbsp;coerentemente con le politiche aziendali del Gruppo Trevi.<\/p>\n\n\n\n<p class=\"has-text-align-center\">L\u2019adozione del Modello 231\/2001 anche in relazione all\u2019emanazione del Codice Etico di Gruppo, si \u00e8 reso indispensabile per rafforzare l\u2019assunzione di comportamenti organizzativi e funzionali corretti e lineari, nell\u2019espletamento delle proprie attivit\u00e0 lavorative, tali da prevenire il rischio di commettere reati ed illeciti.<\/p>\n\n\n\n<p class=\"has-text-align-center\">La societ\u00e0 ha elaborato il Modello con l\u2019obiettivo di rendere il proprio sistema organizzativo conforme ai requisiti previsti dal D.lgs. 231\/2011, in coerenza con i principi gi\u00e0 radicati nella propria cultura di governance e con le linee guida di Confindustria.<\/p>\n\n\n\n<p class=\"has-text-align-center my-5 has-medium-font-size\"><a href=\"#download-section\" data-type=\"internal\" data-id=\"#download-section\">Vai al Modello 231<\/a><br><\/p>\n<\/div><\/div>\n\n\n\n<div class=\"wp-block-group alignfull\"><div class=\"wp-block-group__inner-container is-layout-constrained wp-block-group-is-layout-constrained\">\n<figure class=\"wp-block-image alignfull size-large\"><img loading=\"lazy\" decoding=\"async\" width=\"1024\" height=\"182\" src=\"https:\/\/trevispa.com\/it\/wp-content\/uploads\/sites\/2\/2025\/06\/group-1-1024x182.jpg\" alt=\"\" class=\"wp-image-61\" srcset=\"https:\/\/trevispa.com\/it\/wp-content\/uploads\/sites\/2\/2025\/06\/group-1-1024x182.jpg 1024w, https:\/\/trevispa.com\/it\/wp-content\/uploads\/sites\/2\/2025\/06\/group-1-300x53.jpg 300w, https:\/\/trevispa.com\/it\/wp-content\/uploads\/sites\/2\/2025\/06\/group-1-768x137.jpg 768w, https:\/\/trevispa.com\/it\/wp-content\/uploads\/sites\/2\/2025\/06\/group-1-1536x274.jpg 1536w, https:\/\/trevispa.com\/it\/wp-content\/uploads\/sites\/2\/2025\/06\/group-1.jpg 1600w\" sizes=\"auto, (max-width: 1024px) 100vw, 1024px\" \/><\/figure>\n<\/div><\/div>\n\n\n\n<div class=\"wp-block-group alignwide\"><div class=\"wp-block-group__inner-container is-layout-constrained wp-block-group-is-layout-constrained\">\n<h2 class=\"wp-block-heading has-text-align-center my-5 has-primary-color has-text-color has-link-color has-x-large-font-size wp-elements-00aed1e39e7df49fb5d4bb51cef11a5a\">IL NOSTRO GRUPPO<\/h2>\n\n\n\n<p class=\"has-text-align-center\">Il Gruppo Trevi \u00e8 leader a livello mondiale nell\u2019ingegneria del sottosuolo (fondazioni speciali, scavo di gallerie e consolidamenti del terreno e realizzazione e commercializzazione dei macchinari e delle attrezzature specialistiche del settore).<\/p>\n\n\n\n<p class=\"has-text-align-center\">Il Gruppo Trevi conta circa 85 societ\u00e0 e, con dealer e distributori, \u00e8 presente in oltre 70 paesi&nbsp;e il suo successo&nbsp;si basa sull&#8217;integrazione tra le aziende costituenti le divisioni Fondazioni Speciali: Trevi ei Soilmec.<\/p>\n\n\n\n<p class=\"has-text-align-center\"><a href=\"http:\/\/www.trevifin.com\" target=\"_blank\" rel=\"noreferrer noopener\">La holding di Gruppo <\/a>\u00e8 quotata alla Borsa di Milano da Luglio 1999.<\/p>\n\n\n\n<div style=\"height:60px\" aria-hidden=\"true\" class=\"wp-block-spacer\"><\/div>\n<\/div><\/div>\n\n\n\n<div class=\"wp-block-columns are-vertically-aligned-top is-layout-flex wp-container-core-columns-is-layout-9d6595d7 wp-block-columns-is-layout-flex\">\n<div class=\"wp-block-column is-vertically-aligned-top is-layout-flow wp-block-column-is-layout-flow\"><div class=\"wp-block-image px-lg-5\">\n<figure class=\"aligncenter size-full\"><img loading=\"lazy\" decoding=\"async\" width=\"768\" height=\"307\" src=\"https:\/\/trevispa.com\/it\/wp-content\/uploads\/sites\/2\/2025\/07\/trevi-bianco-1-768x307-1.jpg\" alt=\"\" class=\"wp-image-2169\" style=\"object-fit:cover\" srcset=\"https:\/\/trevispa.com\/it\/wp-content\/uploads\/sites\/2\/2025\/07\/trevi-bianco-1-768x307-1.jpg 768w, https:\/\/trevispa.com\/it\/wp-content\/uploads\/sites\/2\/2025\/07\/trevi-bianco-1-768x307-1-300x120.jpg 300w\" sizes=\"auto, (max-width: 768px) 100vw, 768px\" \/><\/figure>\n<\/div>\n\n\n<p class=\"has-text-align-center\"><strong>TREVI<\/strong> opera a livelli di eccellenza nella realizzazione di opere specializzate nel settore dell&#8217;ingegneria del sottosuolo, offrendo servizi ad alto valore aggiunto con elevati margini di redditivit\u00e0.<\/p>\n<\/div>\n\n\n\n<div class=\"wp-block-column is-vertically-aligned-top is-layout-flow wp-block-column-is-layout-flow\"><div class=\"wp-block-image px-lg-5\">\n<figure class=\"aligncenter size-full\"><a href=\"www.soilmec.com\" target=\"_blank\" rel=\" noreferrer noopener\"><img loading=\"lazy\" decoding=\"async\" width=\"768\" height=\"307\" src=\"https:\/\/trevispa.com\/it\/wp-content\/uploads\/sites\/2\/2025\/07\/solimec-bianco-1-768x307-1.jpg\" alt=\"\" class=\"wp-image-2170\" style=\"object-fit:cover\" srcset=\"https:\/\/trevispa.com\/it\/wp-content\/uploads\/sites\/2\/2025\/07\/solimec-bianco-1-768x307-1.jpg 768w, https:\/\/trevispa.com\/it\/wp-content\/uploads\/sites\/2\/2025\/07\/solimec-bianco-1-768x307-1-300x120.jpg 300w\" sizes=\"auto, (max-width: 768px) 100vw, 768px\" \/><\/a><\/figure>\n<\/div>\n\n\n<p class=\"has-text-align-center\"><a href=\"http:\/\/www.soilmec.com\" target=\"_blank\" rel=\"noreferrer noopener\"><strong>SOILMEC<\/strong> <\/a>produce impianti e macchinari che vengono\u00a0 utilizzati per l&#8217;ingegneria del sottosuolo. I suoi\u00a0 prodotti sono frutto di un&#8217;esperienza di oltre 50 anni, provati nelle condizioni pi\u00f9 difficili, nei lavori che il\u00a0 Gruppo svolge nel mondo attraverso la Divisione TREVI.<\/p>\n<\/div>\n<\/div>\n","protected":false},"excerpt":{"rendered":"<p>Tradizione, Esperienza e Innovazione Fondato a Cesena nel 1957 dal Cavalier Davide Trevisani, il Gruppo Trevi \u00e8 attualmente controllato da CDP Equity e Polaris Capital Management LLC. Il Gruppo Trevi \u00e8 un leader mondiale nell\u2019ingegneria del sottosuolo per fondazioni speciali, scavi di gallerie, consolidamenti del terreno, realizzazione e commercializzazione dei macchinari e delle attrezzature specialistiche [&hellip;]<\/p>\n","protected":false},"author":3,"featured_media":0,"parent":0,"menu_order":0,"comment_status":"closed","ping_status":"closed","template":"","meta":{"_acf_changed":false,"footnotes":""},"class_list":["post-12","page","type-page","status-publish","hentry"],"featured_image_src":null,"featured_image_src_square":null,"acf":[],"_links":{"self":[{"href":"https:\/\/trevispa.com\/it\/wp-json\/wp\/v2\/pages\/12","targetHints":{"allow":["GET"]}}],"collection":[{"href":"https:\/\/trevispa.com\/it\/wp-json\/wp\/v2\/pages"}],"about":[{"href":"https:\/\/trevispa.com\/it\/wp-json\/wp\/v2\/types\/page"}],"author":[{"embeddable":true,"href":"https:\/\/trevispa.com\/it\/wp-json\/wp\/v2\/users\/3"}],"replies":[{"embeddable":true,"href":"https:\/\/trevispa.com\/it\/wp-json\/wp\/v2\/comments?post=12"}],"version-history":[{"count":0,"href":"https:\/\/trevispa.com\/it\/wp-json\/wp\/v2\/pages\/12\/revisions"}],"wp:attachment":[{"href":"https:\/\/trevispa.com\/it\/wp-json\/wp\/v2\/media?parent=12"}],"curies":[{"name":"wp","href":"https:\/\/api.w.org\/{rel}","templated":true}]}}