{"id":14,"date":"2025-06-17T08:49:02","date_gmt":"2025-06-17T08:49:02","guid":{"rendered":"https:\/\/trevistg.wpenginepowered.com\/it\/anniversary-of-excellence\/trevi-australia\/"},"modified":"2026-03-20T07:22:03","modified_gmt":"2026-03-20T07:22:03","slug":"trevi-australia","status":"publish","type":"page","link":"https:\/\/trevispa.com\/it\/abouttrevi\/trevi-australia\/","title":{"rendered":"Trevi Australia"},"content":{"rendered":"\n<div class=\"wp-block-group alignwide\"><div class=\"wp-block-group__inner-container is-layout-constrained wp-block-group-is-layout-constrained\">\n<h3 class=\"wp-block-heading\"><strong>Competenza nelle Fondazioni Speciali e Consolidamento del Terreno<\/strong><\/h3>\n\n\n\n<p>Trevi Australia \u00e8 un\u2019azienda specializzata nel campo delle fondazioni speciali e dei lavori di consolidamento del terreno. Fondata a Mulgrave (Sydney) nel 2012,&nbsp;si propone di portare al mercato australiano l\u2019ampia conoscenza e l\u2019esperienza di&nbsp;<a href=\"https:\/\/www.trevigroup.com\/it\/\" target=\"_blank\" rel=\"noreferrer noopener\">Trevi Group<\/a>, guidata da un team locale esperto.<\/p>\n\n\n\n<h3 class=\"wp-block-heading\"><strong>Espansione e Strategia<\/strong><\/h3>\n\n\n\n<p>Le operazioni australiane sono state avviate come parte della strategia di espansione internazionale di Trevi Group. Questa, sfrutta la posizione vitale del Gruppo nella regione Asia-Pacifico e si allinea con i piani di investimento in infrastrutture del Governo australiano.<\/p>\n\n\n\n<h3 class=\"wp-block-heading\"><strong>Progetti Chiave e Milestone<\/strong><\/h3>\n\n\n\n<ul class=\"wp-block-list\">\n<li><strong>2016: Progetto Forrestfield Airport Link (FAL)<\/strong><br>Trevi Australia ha ottenuto il suo primo grande contratto nel settembre 2016 per il progetto<a href=\"http:\/\/www.trevispa.com\/it\/progetti\/principali-progetti\/forrestfield-airport-link-project\" target=\"_blank\" rel=\"noreferrer noopener\">&nbsp;Forrestfield Airport Link<\/a>. Questo progetto coinvolgeva l\u2019installazione di un blocco di consolidamento del suolo in corrispondenza dei cunicoli trasversali per consentire lo scavo sicuro dei tunnel di collegamento. Otto cunicoli trasversali sono stati consolidati mediante la metodologia&nbsp;<a href=\"http:\/\/www.trevispa.com\/it\/Technologies\/jet-grouting\" target=\"_blank\" rel=\"noreferrer noopener\">Jet Grouting<\/a>&nbsp;e quattro mediante tecnica di<a href=\"https:\/\/trevispa.com\/it\/tecnologie\/congelamento-artificiale-del-terreno\/\">&nbsp;Congelamento Artificiale del Suolo<\/a>. Quest\u2019ultima operazione \u00e8 stata eseguita direttamente nei tunnel sotto la pista di rullaggio dell\u2019Aeroporto Internazionale, che \u00e8 rimasto operativo durante tutte le attivit\u00e0. Questo primo contratto \u00e8 stato completato per un valore di 30 milioni di dollari australiani.<br>&nbsp;<\/li>\n\n\n\n<li><strong>2021: Progetto North East Link<\/strong><br>Nel 2021, Trevi Australia \u00e8 stata assegnata per i lavori del progetto North East Link da 10 miliardi di dollari australiani. Il compito comprende lo scavo della trincea e l\u2019installazione delle pareti diaframma, larghe 1,2 metri e profonde fino a 40 metri, per costruire il North East Link in Lower Plenty Road a Melbourne. Vengono utilizzate le Idrofrese&nbsp;<a href=\"http:\/\/www.soilmec.com\/en\/products\/hydromill-grabs\/sc135_hd\">Soilmec&nbsp;<\/a>per la costruzione delle pareti diaframma. Il progetto NEL \u00e8 attualmente in corso e proseguir\u00e0 fino a met\u00e0 2025.<\/li>\n<\/ul>\n\n\n\n<h3 class=\"wp-block-heading\"><strong>Ricerca Continua dell\u2019Innovazione<\/strong><\/h3>\n\n\n\n<p>Trevi Australia \u00e8 costantemente alla ricerca di nuove sfide per supportare progetti che richiedono soluzioni geotecniche e innovazioni. Come parte di Trevi Group,&nbsp;leader mondiale nel campo dell\u2019ingegneria geotecnica e delle perforazioni con oltre 30 filiali e una presenza in 80 Paesi, Trevi Australia \u00e8 specializzata nei servizi di ingegneria del sottosuolo utilizzando soluzioni innovative, affidabili e durature.<\/p>\n\n\n\n<h3 class=\"wp-block-heading\"><strong>Modello di Business e Specializzazioni<\/strong><\/h3>\n\n\n\n<p>Il modello di business unico di Trevi Group&nbsp;consiste di due divisioni:<\/p>\n\n\n\n<ul class=\"wp-block-list\">\n<li><a href=\"https:\/\/www.trevispa.com\/it\/AboutTrevi\" target=\"_blank\" rel=\"noreferrer noopener\">Trevi SpA<\/a>: realizza fondazioni speciali e lavori di consolidamento del terreno per grandi progetti infrastrutturali (metropolitane, dighe, porti e moli, ponti, linee ferroviarie e autostradali, edifici industriali e civili) e&nbsp;mette in sicurezza siti inquinati<\/li>\n\n\n\n<li><a href=\"http:\/\/www.soilmec.com\/\" target=\"_blank\" rel=\"noreferrer noopener\">Soilmec<\/a>: progetta, produce e commercializza macchinari, sistemi e servizi per l\u2019ingegneria del sottosuolo.<\/li>\n<\/ul>\n\n\n\n<p><strong>L\u2019internalizzazione, l\u2019integrazione e il continuo scambio tra le sue due divisioni sono tra le ragioni del successo del Gruppo. Insieme, le divisioni coprono tutte le applicazioni geotecniche e studiano la soluzione appropriata per miglioramenti del suolo complessi e fondazioni speciali. Questo include lavori di consolidamento del terreno per grandi progetti infrastrutturali, tra cui metropolitane, dighe, porti e moli, ponti, linee ferroviarie e autostradali, ed edifici industriali e civili. Offriamo anche un\u2019eccellente formazione in questo settore.<\/strong><\/p>\n\n\n\n<p>Trevi Australia rimane dedicata a mantenere la sua reputazione di qualit\u00e0 ed eccellenza, continuando a supportare le esigenze infrastrutturali del mercato australiano con soluzioni geotecniche all\u2019avanguardia.<\/p>\n\n\n\n<p>Trevi Australia \u00e8 certificata <a href=\"https:\/\/trevispa.com\/it\/wp-content\/uploads\/sites\/2\/2026\/03\/AUP1246-HS-Logo.pdf\" target=\"_blank\" rel=\"noreferrer noopener\">ISO45001:2018<\/a><\/p>\n\n\n\n<hr class=\"wp-block-separator has-alpha-channel-opacity\" \/>\n\n\n\n<h3 class=\"wp-block-heading\"><strong>Contatti<\/strong><\/h3>\n\n\n\n<p>Per maggiori informazioni clicca il seguente link:&nbsp;<a href=\"https:\/\/trevispa.com\/it\/contatti\/#form-contatti\">Contact Us<\/a><\/p>\n\n\n\n<h3 class=\"wp-block-heading\"><strong>Dove siamo<\/strong><\/h3>\n\n\n\n<p><strong>TREVI AUSTRALIA PTY LTD<\/strong><br>Melbourne,&nbsp;level19 644 Chapel Street, South Yarra, Vic 3141<\/p>\n<\/div><\/div>\n\n\n\n<p><strong><em>Riconoscimento del Paese (Acknowledgement of Country)<\/em><\/strong><\/p>\n\n\n\n<p><em>Trevi Australia riconosce i <strong>Traditional Custodians (Custodi Tradizionali)<\/strong> delle terre sulle quali lavoriamo, viviamo e socializziamo.<br>Rendiamo omaggio ai loro <strong>Elders (Anziani)<\/strong>, passati e presenti, ed estendiamo questo rispetto a tutti i <strong>Aboriginal and Torres Strait Islander peoples (popoli Aborigeni e delle Isole dello Stretto di Torres)<\/strong>, che riconosciamo come gli <strong>Australia\u2019s First Peoples (Primi Popoli dell\u2019Australia)<\/strong>, le cui pratiche culturali continuano ancora oggi.<\/em><\/p>\n\n\n\n<p><\/p>\n","protected":false},"excerpt":{"rendered":"<p>Competenza nelle Fondazioni Speciali e Consolidamento del Terreno Trevi Australia \u00e8 un\u2019azienda specializzata nel campo delle fondazioni speciali e dei lavori di consolidamento del terreno. Fondata a Mulgrave (Sydney) nel 2012,&nbsp;si propone di portare al mercato australiano l\u2019ampia conoscenza e l\u2019esperienza di&nbsp;Trevi Group, guidata da un team locale esperto. Espansione e Strategia Le operazioni australiane [&hellip;]<\/p>\n","protected":false},"author":3,"featured_media":0,"parent":12,"menu_order":0,"comment_status":"closed","ping_status":"closed","template":"template-menu-destra.php","meta":{"_acf_changed":false,"footnotes":""},"class_list":["post-14","page","type-page","status-publish","hentry"],"featured_image_src":null,"featured_image_src_square":null,"acf":[],"_links":{"self":[{"href":"https:\/\/trevispa.com\/it\/wp-json\/wp\/v2\/pages\/14","targetHints":{"allow":["GET"]}}],"collection":[{"href":"https:\/\/trevispa.com\/it\/wp-json\/wp\/v2\/pages"}],"about":[{"href":"https:\/\/trevispa.com\/it\/wp-json\/wp\/v2\/types\/page"}],"author":[{"embeddable":true,"href":"https:\/\/trevispa.com\/it\/wp-json\/wp\/v2\/users\/3"}],"replies":[{"embeddable":true,"href":"https:\/\/trevispa.com\/it\/wp-json\/wp\/v2\/comments?post=14"}],"version-history":[{"count":0,"href":"https:\/\/trevispa.com\/it\/wp-json\/wp\/v2\/pages\/14\/revisions"}],"up":[{"embeddable":true,"href":"https:\/\/trevispa.com\/it\/wp-json\/wp\/v2\/pages\/12"}],"wp:attachment":[{"href":"https:\/\/trevispa.com\/it\/wp-json\/wp\/v2\/media?parent=14"}],"curies":[{"name":"wp","href":"https:\/\/api.w.org\/{rel}","templated":true}]}}