{"id":16,"date":"2025-06-17T08:49:02","date_gmt":"2025-06-17T08:49:02","guid":{"rendered":"https:\/\/trevistg.wpenginepowered.com\/it\/anniversary-of-excellence\/trevi-foundations-kuwait\/"},"modified":"2025-11-04T13:12:30","modified_gmt":"2025-11-04T13:12:30","slug":"trevi-foundations-kuwait","status":"publish","type":"page","link":"https:\/\/trevispa.com\/it\/abouttrevi\/trevi-foundations-kuwait\/","title":{"rendered":"Trevi Foundations Kuwait"},"content":{"rendered":"\n<div class=\"wp-block-group alignwide\"><div class=\"wp-block-group__inner-container is-layout-constrained wp-block-group-is-layout-constrained\">\n<p><strong>Trevi Foundations Kuwait \u00e8 stata fondata a Kuwait City nel 2011 e sta portando l&#8217;ampia conoscenza del Gruppo Trevi nel mercato kuwaitiano grazie a un team locale di esperti e motivati professionisti.&nbsp;<\/strong><\/p>\n\n\n\n<p>Trevi Foundations Kuwait utilizza il proprio know-how per aiutare i clienti a trovare la migliore soluzione tecnico\/economica relativa alle loro esigenze di ingegneria del suolo.&nbsp;<\/p>\n\n\n\n<p>In linea con la natura decentralizzata delle societ\u00e0 operative del Gruppo, Trevi Kuwait ha adattato e continuer\u00e0 ad adattare i propri servizi alle esigenze del mercato locale. Le sue attivit\u00e0 sono quindi concentrate nei seguenti ambiti:&nbsp;<\/p>\n\n\n\n<ul class=\"wp-block-list\">\n<li><a href=\"https:\/\/www.trevispa.com\/it\/Tecnologie\/pali-cfa\" target=\"_blank\" rel=\"noreferrer noopener\">Pali<\/a><\/li>\n\n\n\n<li><a href=\"https:\/\/trevispa.com\/it\/tecnologie\/cap-csp\/\">Pali secanti<\/a>,\u00a0<a href=\"https:\/\/trevispa.com\/it\/servizi\/sostegno-scavi-2\/\">Muri di contenimento<\/a><\/li>\n\n\n\n<li><a href=\"https:\/\/trevispa.com\/it\/tecnologie\/diaframmi-fresa\/\">Muri diaframma<\/a><\/li>\n\n\n\n<li>Lavori di puntellamento con travi &#8220;H&#8221;&nbsp;<\/li>\n\n\n\n<li>Geotecnica&nbsp;<\/li>\n\n\n\n<li><a href=\"https:\/\/trevispa.com\/it\/servizi\/consolidamento-dei-terreni-2\/\" target=\"_blank\" rel=\"noreferrer noopener\">Iniezioni di consolidamento\u00a0<\/a><\/li>\n\n\n\n<li><a href=\"https:\/\/trevispa.com\/it\/tecnologie\/tiranti\/\">Ancoraggi per roccia e terreno\u00a0<\/a><\/li>\n\n\n\n<li>Sottofondazioni&nbsp;<\/li>\n\n\n\n<li>Pozzi tubolari&nbsp;<\/li>\n\n\n\n<li><a href=\"https:\/\/trevispa.com\/it\/tecnologie\/micropali\/\">Micropali\u00a0<\/a><\/li>\n\n\n\n<li><a href=\"https:\/\/trevispa.com\/it\/tecnologie\/inclusioni-rigide\/\">Inclusioni rigide\u00a0<\/a><\/li>\n\n\n\n<li><a href=\"https:\/\/www.trevispa.com\/it\/Technologies\/dynamic-replacement\" target=\"_blank\" rel=\"noreferrer noopener\">Sostituzione dinamica&nbsp;<\/a><\/li>\n\n\n\n<li><a href=\"https:\/\/trevispa.com\/it\/tecnologie\/compattazione-dinamica\/\">Compattazione dinamica\u00a0<\/a><\/li>\n\n\n\n<li>Compattazione dinamica rapida&nbsp;<\/li>\n\n\n\n<li><a href=\"https:\/\/trevispa.com\/it\/tecnologie\/vibro-compattazione\/\">Vibroflottazione\u00a0<\/a><\/li>\n\n\n\n<li>Colonne di pietra&nbsp;<\/li>\n<\/ul>\n\n\n\n<hr class=\"wp-block-separator has-alpha-channel-opacity\"\/>\n\n\n\n<h3 class=\"wp-block-heading\"><strong>Il nostro personale<\/strong><\/h3>\n\n\n\n<p><strong>Trevi Foundations Kuwait vanta una forza lavoro di circa 100 dipendenti<\/strong>&nbsp;tra cui manager, personale di ingegneria e amministrazione, tecnici, operatori di impianti, perforatori, capisquadra per iniezioni, meccanici, elettricisti, saldatori, magazzinieri e altri.&nbsp;<\/p>\n\n\n\n<hr class=\"wp-block-separator has-alpha-channel-opacity\"\/>\n\n\n\n<h3 class=\"wp-block-heading\"><strong>Post-vendita<\/strong><\/h3>\n\n\n\n<p><strong>Trevi Foundations Kuwait mantiene un&#8217;officina completamente attrezzata in Kuwait, capace di manutenere le macchine usate&nbsp;nei nostri cantieri<\/strong>. Grazie a uno staff&nbsp;di meccanici, elettricisti e saldatori \u00e8 costantemente a disposizione e ha ridotto significativamente i tempi di inattivit\u00e0 nei cantieri.&nbsp;<\/p>\n\n\n\n<p>&nbsp;Affiliato all&#8217;officina c&#8217;\u00e8 un grande magazzino che distribuisce e controlla le forniture a tutti i siti operativi della regione.&nbsp;<br>&nbsp;<br><strong>Il dipartimento tecnico situato nel nostro ufficio di Dubai \u00e8 in grado di gestire qualsiasi aspetto dei lavori di progettazione di fondazioni e geotecnica.&nbsp;<\/strong><br>&nbsp;<br>Molti dei lavori di palificazione\/puntellamento che abbiamo realizzato si basano sui progetti di&nbsp;<a href=\"http:\/\/www.swissboring.com\/\" target=\"_blank\" rel=\"noreferrer noopener\">Swissboring<\/a>&nbsp;(una societ\u00e0 di Trevi Group), che hanno comportato notevoli risparmi di tempo e materiali per i nostri clienti.&nbsp;<br>&nbsp;<br>Progetti offshore sono stati realizzati con successo in collaborazione con partner rinomati specializzati in servizi marittimi.&nbsp;<br>&nbsp;<br><strong>La nostra appartenenza a&nbsp;<a href=\"http:\/\/www.trevigroup.com\/\" target=\"_blank\" rel=\"noreferrer noopener\">Trevi Group<\/a>&nbsp;ci consente di accedere direttamente alle competenze e alle risorse di manodopera specializzata di un&#8217;organizzazione multinazionale altamente specializzata.&nbsp;<\/strong><br>&nbsp;<br>Trevi Foundations Kuwait beneficia anche dell&#8217;assistenza e dell&#8217;esperienza di&nbsp;<a href=\"http:\/\/www.soilmec.com\/\" target=\"_blank\" rel=\"noreferrer noopener\">Soilmec<\/a>, divisione di Trevi Group specializzata nella produzione di&nbsp;macchinari,&nbsp;attrezzature specializzate e tecnologie&nbsp;per l&#8217;ingegneria del suolo. Non c&#8217;\u00e8 quindi nessuna impresa nel nostro ambito di attivit\u00e0 che non possiamo portare a termine con successo.&nbsp;<\/p>\n\n\n\n<hr class=\"wp-block-separator has-alpha-channel-opacity\"\/>\n\n\n\n<h3 class=\"wp-block-heading\"><strong>Contatti<\/strong><\/h3>\n\n\n\n<p>Per maggiori informazioni, clicca il seguente link:&nbsp;<a href=\"https:\/\/trevispa.com\/it\/contatti\/#form-contatti\">Contattaci<\/a><\/p>\n\n\n\n<h3 class=\"wp-block-heading\"><strong>Dove Siamo<\/strong><\/h3>\n\n\n\n<p>Omar Bin Al Khatab Street Al Shawafat Blg. Gate 4 Floor 6 , Dasman Kuwait<br>T. +965 224 68591<\/p>\n<\/div><\/div>\n","protected":false},"excerpt":{"rendered":"<p>Trevi Foundations Kuwait \u00e8 stata fondata a Kuwait City nel 2011 e sta portando l&#8217;ampia conoscenza del Gruppo Trevi nel mercato kuwaitiano grazie a un team locale di esperti e motivati professionisti.&nbsp; Trevi Foundations Kuwait utilizza il proprio know-how per aiutare i clienti a trovare la migliore soluzione tecnico\/economica relativa alle loro esigenze di ingegneria [&hellip;]<\/p>\n","protected":false},"author":3,"featured_media":0,"parent":12,"menu_order":0,"comment_status":"closed","ping_status":"closed","template":"template-menu-destra.php","meta":{"_acf_changed":false,"footnotes":""},"class_list":["post-16","page","type-page","status-publish","hentry"],"featured_image_src":null,"featured_image_src_square":null,"acf":[],"_links":{"self":[{"href":"https:\/\/trevispa.com\/it\/wp-json\/wp\/v2\/pages\/16","targetHints":{"allow":["GET"]}}],"collection":[{"href":"https:\/\/trevispa.com\/it\/wp-json\/wp\/v2\/pages"}],"about":[{"href":"https:\/\/trevispa.com\/it\/wp-json\/wp\/v2\/types\/page"}],"author":[{"embeddable":true,"href":"https:\/\/trevispa.com\/it\/wp-json\/wp\/v2\/users\/3"}],"replies":[{"embeddable":true,"href":"https:\/\/trevispa.com\/it\/wp-json\/wp\/v2\/comments?post=16"}],"version-history":[{"count":0,"href":"https:\/\/trevispa.com\/it\/wp-json\/wp\/v2\/pages\/16\/revisions"}],"up":[{"embeddable":true,"href":"https:\/\/trevispa.com\/it\/wp-json\/wp\/v2\/pages\/12"}],"wp:attachment":[{"href":"https:\/\/trevispa.com\/it\/wp-json\/wp\/v2\/media?parent=16"}],"curies":[{"name":"wp","href":"https:\/\/api.w.org\/{rel}","templated":true}]}}