{"id":17,"date":"2025-06-17T08:49:02","date_gmt":"2025-06-17T08:49:02","guid":{"rendered":"https:\/\/trevistg.wpenginepowered.com\/it\/anniversary-of-excellence\/trevi-foundations-nigeria\/"},"modified":"2025-11-04T13:12:40","modified_gmt":"2025-11-04T13:12:40","slug":"trevi-foundations-nigeria","status":"publish","type":"page","link":"https:\/\/trevispa.com\/it\/abouttrevi\/trevi-foundations-nigeria\/","title":{"rendered":"Trevi Foundations Nigeria"},"content":{"rendered":"\n<div class=\"wp-block-group alignwide\"><div class=\"wp-block-group__inner-container is-layout-constrained wp-block-group-is-layout-constrained\">\n<h3 class=\"wp-block-heading\"><strong>Una presenza qualificata in Nigeria nel settore dell&#8217;ingegneria del suolo<\/strong><\/h3>\n\n\n\n<p>La tecnica delle fondazioni \u00e8 antica quanto le grandi costruzioni che testimoniano il costante sviluppo dell&#8217;umanit\u00e0. Le piramidi egiziane, i templi aztechi costruiti sui terreni paludosi messicani, i ponti e le opere idrauliche dell&#8217;antica Roma, i palazzi veneziani fondati su pali sono, ancora oggi, meravigliosi esempi della capacit\u00e0 tecnica umana di risolvere i problemi delle fondazioni.<br>Col passare del tempo, i problemi sono aumentati in base alla crescita delle esigenze edilizie: edifici sempre pi\u00f9 alti, centri industriali sempre pi\u00f9 sofisticati e opere idrauliche, vie di comunicazione sempre pi\u00f9 rapide e affidabili.<br>Trevi S.p.A., azienda leader nel campo delle Fondazioni Speciali a livello internazionale, \u00e8 sempre riuscita ad affrontare e risolvere le sfide che, negli ultimi trent&#8217;anni, hanno contribuito all&#8217;affermazione del settore delle fondazioni italiane nel mondo.<br>&nbsp;<\/p>\n\n\n\n<p><strong>Trevi Foundations Nigeria Limited \u00e8 una societ\u00e0 di&nbsp;<a href=\"http:\/\/www.trevigroup.com\/\" target=\"_blank\" rel=\"noreferrer noopener\">Trevi Group<\/a>&nbsp;dedicata alla costruzione di fondazioni speciali, fondata in Nigeria nel 1977<\/strong>, sulla base della prima esperienza lavorativa di Trevi in Nigeria nel 1967.<br>L&#8217;azienda conta sulla disponibilit\u00e0 di attrezzature moderne che consentono alte prestazioni in conformit\u00e0 con le tecniche pi\u00f9 avanzate e sul suo personale e management esperti. \u00c8 affidabile per l&#8217;alta qualit\u00e0 dei suoi servizi ottenuta con la combinazione di tecnologie e risorse umane mantenute, come da politica aziendale, attraverso una formazione professionale continua.<\/p>\n\n\n\n<p>Trevi Group \u00e8 leader mondiale nel settore delle fondazioni, delle attrezzature e dell&#8217;ingegneria geotecnica. Siamo in grado di applicare la nostra tecnologia e le nostre risorse a progetti diversi come fondazioni profonde, miglioramento del suolo, pareti di sbarramento per dighe, tunneling in terreni soffici, nonch\u00e9 attrezzature geotecniche specializzate.<\/p>\n\n\n\n<p>Internazionalizzazione, integrazione e il continuo scambio tra le sue due divisioni sono tra le ragioni del successo di Trevi Group:&nbsp;<a href=\"http:\/\/www.trevispa.com\/en\/AboutTrevi\">Trevi<\/a>, che realizza fondazioni speciali e lavori di consolidamento del suolo per grandi progetti infrastrutturali (metropolitane, dighe, porti e banchine, ponti, linee ferroviarie e autostradali, edifici industriali e civili), mette in sicurezza siti inquinati e&nbsp;<a href=\"http:\/\/www.soilmec.com\/en\/\">Soilmec<\/a>, che progetta, produce e commercializza macchinari, sistemi e servizi per l&#8217;ingegneria del sottosuolo.<\/p>\n\n\n\n<p>La societ\u00e0 madre&nbsp;<a href=\"https:\/\/www.trevifin.com\/en\/\">TREVI \u2013 Finanziaria Industriale Spa<\/a>&nbsp;\u00e8 quotata alla borsa di Milano dal luglio 1999.<\/p>\n\n\n\n<hr class=\"wp-block-separator has-alpha-channel-opacity\"\/>\n\n\n\n<h3 class=\"wp-block-heading\"><strong>Contatti<\/strong><\/h3>\n\n\n\n<p>Per maggiori informazioni clicca il seguente link:\u00a0<a href=\"https:\/\/trevispa.com\/it\/contatti\/#form-contatti\">Contact Us<\/a><\/p>\n\n\n\n<h3 class=\"wp-block-heading\"><strong>Dove siamo<\/strong><\/h3>\n\n\n\n<ul class=\"wp-block-list\">\n<li><strong>Head Office&nbsp;<\/strong><br>Lagos, Nigeria.Plot 4, Block B, Gbagada Industrial scheme, Gbagada Expressway, Gbagada,&nbsp;<br>P.O. Box 70621, Victoria Island, Lagos, Nigeria Phone: +234 8150892906, +234 8188164474<\/li>\n\n\n\n<li><strong>Branch Office<\/strong><br>Plot 121\/122 Trans-Amadi Industrial Layout P.M.B. 5410, Port Harcourt<br>Phone: +234 8054798381, +234 8054798319<\/li>\n<\/ul>\n<\/div><\/div>\n","protected":false},"excerpt":{"rendered":"<p>Una presenza qualificata in Nigeria nel settore dell&#8217;ingegneria del suolo La tecnica delle fondazioni \u00e8 antica quanto le grandi costruzioni che testimoniano il costante sviluppo dell&#8217;umanit\u00e0. Le piramidi egiziane, i templi aztechi costruiti sui terreni paludosi messicani, i ponti e le opere idrauliche dell&#8217;antica Roma, i palazzi veneziani fondati su pali sono, ancora oggi, meravigliosi [&hellip;]<\/p>\n","protected":false},"author":3,"featured_media":0,"parent":12,"menu_order":0,"comment_status":"closed","ping_status":"closed","template":"template-menu-destra.php","meta":{"_acf_changed":true,"footnotes":""},"class_list":["post-17","page","type-page","status-publish","hentry"],"featured_image_src":null,"featured_image_src_square":null,"acf":[],"_links":{"self":[{"href":"https:\/\/trevispa.com\/it\/wp-json\/wp\/v2\/pages\/17","targetHints":{"allow":["GET"]}}],"collection":[{"href":"https:\/\/trevispa.com\/it\/wp-json\/wp\/v2\/pages"}],"about":[{"href":"https:\/\/trevispa.com\/it\/wp-json\/wp\/v2\/types\/page"}],"author":[{"embeddable":true,"href":"https:\/\/trevispa.com\/it\/wp-json\/wp\/v2\/users\/3"}],"replies":[{"embeddable":true,"href":"https:\/\/trevispa.com\/it\/wp-json\/wp\/v2\/comments?post=17"}],"version-history":[{"count":0,"href":"https:\/\/trevispa.com\/it\/wp-json\/wp\/v2\/pages\/17\/revisions"}],"up":[{"embeddable":true,"href":"https:\/\/trevispa.com\/it\/wp-json\/wp\/v2\/pages\/12"}],"wp:attachment":[{"href":"https:\/\/trevispa.com\/it\/wp-json\/wp\/v2\/media?parent=17"}],"curies":[{"name":"wp","href":"https:\/\/api.w.org\/{rel}","templated":true}]}}