{"id":18,"date":"2025-06-17T08:49:02","date_gmt":"2025-06-17T08:49:02","guid":{"rendered":"https:\/\/trevistg.wpenginepowered.com\/it\/anniversary-of-excellence\/trevi-pilotes\/"},"modified":"2025-11-04T13:12:49","modified_gmt":"2025-11-04T13:12:49","slug":"trevi-pilotes","status":"publish","type":"page","link":"https:\/\/trevispa.com\/it\/abouttrevi\/trevi-pilotes\/","title":{"rendered":"Pilotes Trevi"},"content":{"rendered":"\n<div class=\"wp-block-group alignwide\"><div class=\"wp-block-group__inner-container is-layout-constrained wp-block-group-is-layout-constrained\">\n<p>Pilotes Trevi &#8211; una societ\u00e0 di\u00a0<a href=\"http:\/\/www.trevigroup.com\/\" target=\"_blank\" rel=\"noreferrer noopener\">Trevi Group<\/a>\u00a0&#8211; ha iniziato le sue attivit\u00e0 in Argentina nel 1971, con i lavori di fondazione del Progetto Ferrovial di Z\u00e1rate &#8211; Brazo Largo.<\/p>\n\n\n\n<p>Nel corso di quel decennio, ha eseguito pi\u00f9 di 50 lavori di palificazione di grande diametro, affermandosi nel paese come una delle aziende leader nel settore della palificazione.<br><br><strong>Alla fine degli anni &#8217;70, l&#8217;azienda ha fatto un salto di qualit\u00e0, ottenendo il contratto per i lavori della Diga di Yacyret\u00e1, ampliando il proprio portafoglio clienti e diversificando i lavori. Nei successivi 10 anni, ha eseguito pi\u00f9 di 90 lavori, partecipando cos\u00ec a progetti di grande importanza per il paese, come la Diga di Casa de Piedra e la Diga di Piedra del \u00c1guila.<\/strong><\/p>\n\n\n\n<p>Cos\u00ec, Pilotes Trevi ha iniziato il nuovo decennio partecipando a vari progetti, come: costruzione di pali nel progetto di sfruttamento idroelettrico Pichi Picun Leufu, costruzione di una galleria ed esecuzione di perforazioni e iniezioni nella Diga di El Choc\u00f3n, esecuzione di pali nel Terminal di Imbarco a Puerto Ingeniero White, realizzazione di muri diaframma nella Centrale Nucleare di Atucha, esecuzione di fondazioni in vari edifici residenziali e commerciali, esecuzione di pali per lo Stabilimento Industriale Fiat, esecuzione di ancoraggi e pali nella Linea di Alta Tensione Yacyret\u00e1 &#8211; Salto Grande, esecuzione di colonne di jet grouting nella Diga di Paso Piedras e la realizzazione delle fondazioni del ponte principale, viadotti e ponti secondari del Collegamento Stradale Rosario-Victoria, tra molti altri.<br><br>All&#8217;inizio del nuovo millennio sono stati eseguiti lavori di muri diaframma, palificazione, studi geotecnici e persino l&#8217;opera che sarebbe diventata un emblema della Citt\u00e0 di Buenos Aires, il Puente de la Mujer. Attualmente, Pilotes Trevi continua a crescere con nuovi progetti e lo stesso impegno di sempre.<\/p>\n\n\n\n<hr class=\"wp-block-separator has-alpha-channel-opacity\" \/>\n\n\n\n<p><strong>Pilotes <strong>Trevi <\/strong>\u00e8\u00a0una societ\u00e0 di\u00a0<a href=\"http:\/\/www.trevigroup.com\/\" target=\"_blank\" rel=\"noreferrer noopener\">Trevi Group<\/a><\/strong><\/p>\n\n\n\n<p>L&#8217;internazionalizzazione, l&#8217;integrazione e lo scambio continuo tra le sue due divisioni sono tra le ragioni del successo di Trevi Group:&nbsp;<a href=\"http:\/\/www.trevispa.com\/en\/AboutTrevi\">Trevi<\/a>, che realizza lavori di fondazioni speciali e consolidamento del suolo per grandi progetti infrastrutturali (metropolitane, dighe, porti e moli, ponti, linee ferroviarie e autostradali, edifici industriali e civili) e mette in sicurezza siti inquinati e&nbsp;<a href=\"http:\/\/www.soilmec.com\/en\/\">Soilmec<\/a>, che progetta, produce e commercializza macchinari, sistemi e servizi per l&#8217;ingegneria sotterranea.<\/p>\n\n\n\n<p>La societ\u00e0 madre&nbsp;<a href=\"https:\/\/www.trevifin.com\/en\/\">TREVI \u2013 Finanziaria Industriale Spa<\/a>&nbsp;\u00e8 quotata alla borsa di Milano dal luglio 1999.<\/p>\n\n\n\n<hr class=\"wp-block-separator has-alpha-channel-opacity\" \/>\n\n\n\n<h3 class=\"wp-block-heading\"><strong>Contatti<\/strong><\/h3>\n\n\n\n<ul class=\"wp-block-list\">\n<li>comercial@trevi.com.ar&nbsp; &nbsp;<\/li>\n\n\n\n<li>rrhh@trevi.com.ar&nbsp;<\/li>\n<\/ul>\n\n\n\n<h3 class=\"wp-block-heading\"><strong>Dove Siamo<\/strong><\/h3>\n\n\n\n<p>Bernardo de Irigoyen 308, Piso 6<br>CP C1072AAH<br>Buenos Aires, Argentina<\/p>\n<\/div><\/div>\n","protected":false},"excerpt":{"rendered":"<p>Pilotes Trevi &#8211; una societ\u00e0 di\u00a0Trevi Group\u00a0&#8211; ha iniziato le sue attivit\u00e0 in Argentina nel 1971, con i lavori di fondazione del Progetto Ferrovial di Z\u00e1rate &#8211; Brazo Largo. Nel corso di quel decennio, ha eseguito pi\u00f9 di 50 lavori di palificazione di grande diametro, affermandosi nel paese come una delle aziende leader nel settore [&hellip;]<\/p>\n","protected":false},"author":3,"featured_media":0,"parent":12,"menu_order":0,"comment_status":"closed","ping_status":"closed","template":"template-menu-destra.php","meta":{"_acf_changed":true,"footnotes":""},"class_list":["post-18","page","type-page","status-publish","hentry"],"featured_image_src":null,"featured_image_src_square":null,"acf":[],"_links":{"self":[{"href":"https:\/\/trevispa.com\/it\/wp-json\/wp\/v2\/pages\/18","targetHints":{"allow":["GET"]}}],"collection":[{"href":"https:\/\/trevispa.com\/it\/wp-json\/wp\/v2\/pages"}],"about":[{"href":"https:\/\/trevispa.com\/it\/wp-json\/wp\/v2\/types\/page"}],"author":[{"embeddable":true,"href":"https:\/\/trevispa.com\/it\/wp-json\/wp\/v2\/users\/3"}],"replies":[{"embeddable":true,"href":"https:\/\/trevispa.com\/it\/wp-json\/wp\/v2\/comments?post=18"}],"version-history":[{"count":0,"href":"https:\/\/trevispa.com\/it\/wp-json\/wp\/v2\/pages\/18\/revisions"}],"up":[{"embeddable":true,"href":"https:\/\/trevispa.com\/it\/wp-json\/wp\/v2\/pages\/12"}],"wp:attachment":[{"href":"https:\/\/trevispa.com\/it\/wp-json\/wp\/v2\/media?parent=18"}],"curies":[{"name":"wp","href":"https:\/\/api.w.org\/{rel}","templated":true}]}}