{"id":19,"date":"2025-06-17T08:49:02","date_gmt":"2025-06-17T08:49:02","guid":{"rendered":"https:\/\/trevistg.wpenginepowered.com\/it\/anniversary-of-excellence\/trevi-turchia\/"},"modified":"2025-11-04T13:12:58","modified_gmt":"2025-11-04T13:12:58","slug":"trevi-turchia","status":"publish","type":"page","link":"https:\/\/trevispa.com\/it\/abouttrevi\/trevi-turchia\/","title":{"rendered":"Trevi Turchia"},"content":{"rendered":"\n<div class=\"wp-block-group alignwide\"><div class=\"wp-block-group__inner-container is-layout-constrained wp-block-group-is-layout-constrained\">\n<p>La TREVI Construction and Engineering Joint Stock Company \u00e8 stata fondata a Istanbul nel 1988 come filiale turca di&nbsp;<a href=\"http:\/\/www.trevigroup.com\/\" target=\"_blank\" rel=\"noreferrer noopener\">Trevi Group<\/a>. Da allora, TREVI A\u015e ha contribuito alla soluzione dei problemi di ingegneria del suolo nei progetti pi\u00f9 importanti del paese e ha acquisito una significativa esperienza nelle fondazioni di ponti e viadotti, e nelle consolidazioni per edifici civili e industriali.<\/p>\n\n\n\n<p>Grazie al supporto del Dipartimento di Ricerca e Sviluppo di Trevi S.p.A. Italia e in collaborazione con&nbsp;<a href=\"http:\/\/www.soilmec.com\/\" target=\"_blank\" rel=\"noreferrer noopener\">Soilmec&nbsp;<\/a>(per le attrezzature dedicate), TREVI A.S. detiene una posizione prestigiosa nel campo delle fondazioni speciali, portando nuove soluzioni e applicando tecnologie ai problemi geotecnici legati al mondo delle costruzioni.<\/p>\n\n\n\n<p>Con il vantaggio di essere una societ\u00e0 di Trevi Group, leader mondiale nel suo settore, TREVI A.\u015e. ha la capacit\u00e0 di trasferire competenze ed esperienze a livello mondiale al lavoro che svolge in Turchia.<\/p>\n\n\n\n<ul class=\"wp-block-list\">\n<li>Le tecnologie implementate da TREVI A.\u015e in Turchia sono elencate di seguito:<\/li>\n\n\n\n<li>Pali trivellati \/ Pali secanti \/ Pali CFA<\/li>\n\n\n\n<li>Muro diaframma<\/li>\n\n\n\n<li>Tenda plastica impermeabile<\/li>\n\n\n\n<li>Ricerca geologica \/ geotecnica<\/li>\n\n\n\n<li>Perforazione e iniezione<\/li>\n\n\n\n<li>Ancoraggio \/ Chiodatura del terreno \/ Bullonatura della roccia<\/li>\n\n\n\n<li>Mini pali<\/li>\n\n\n\n<li>Jet Grouting<\/li>\n\n\n\n<li>Deep Soil Mixing<\/li>\n\n\n\n<li>Congelamento del terreno<\/li>\n\n\n\n<li>Compattazione dinamica<\/li>\n<\/ul>\n\n\n\n<p>Trevi \u00e8 conosciuta a livello globale per lavori complessi come il restauro della Torre di Pisa, per non parlare della loro insuperabile conoscenza dei lavori di riparazione delle dighe, del tunneling in terreni glaciali morbidi, della riabilitazione di siti inquinati &#8230;. Tutto ci\u00f2 indica una competenza completa che ha trovato, e trova ancora oggi, un\u2019applicazione senza fine in ogni angolo del mondo.<\/p>\n\n\n\n<p>L\u2019internazionalizzazione, l\u2019integrazione e il continuo scambio tra le sue due divisioni sono tra le ragioni del successo di Trevi Group: Trevi, che realizza fondazioni speciali e lavori di consolidamento del suolo per grandi progetti infrastrutturali (metropolitane, dighe, porti e banchine, ponti, linee ferroviarie e autostradali, edifici industriali e civili) e&nbsp;mette in sicurezza siti inquinati&nbsp;e Soilmec, che progetta, produce e commercializza macchinari, sistemi e servizi per l\u2019ingegneria del sottosuolo.<\/p>\n\n\n\n<p>La societ\u00e0 madre TREVI \u2013 Finanziaria Industriale Spa \u00e8 quotata alla borsa di Milano dal luglio 1999.<\/p>\n\n\n\n<hr class=\"wp-block-separator has-alpha-channel-opacity\"\/>\n\n\n\n<h3 class=\"wp-block-heading\"><strong>Contatti<\/strong><\/h3>\n\n\n\n<p>Per maggiori informazioni clicca il seguente link:\u00a0<a href=\"https:\/\/trevispa.com\/it\/contatti\/#form-contatti\">Contact Us<\/a><\/p>\n\n\n\n<h3 class=\"wp-block-heading\"><strong>Dove siamo<\/strong><\/h3>\n\n\n\n<p>Nispetiye District, Ahmet Adnan Saygun Avenue<br>Yakut Street No.6 D. 1<br>34340 Istanbul , Be\u015fikta\u015f \u2013 &nbsp;TURKEY<\/p>\n<\/div><\/div>\n","protected":false},"excerpt":{"rendered":"<p>La TREVI Construction and Engineering Joint Stock Company \u00e8 stata fondata a Istanbul nel 1988 come filiale turca di&nbsp;Trevi Group. Da allora, TREVI A\u015e ha contribuito alla soluzione dei problemi di ingegneria del suolo nei progetti pi\u00f9 importanti del paese e ha acquisito una significativa esperienza nelle fondazioni di ponti e viadotti, e nelle consolidazioni [&hellip;]<\/p>\n","protected":false},"author":3,"featured_media":0,"parent":12,"menu_order":0,"comment_status":"closed","ping_status":"closed","template":"template-menu-destra.php","meta":{"_acf_changed":true,"footnotes":""},"class_list":["post-19","page","type-page","status-publish","hentry"],"featured_image_src":null,"featured_image_src_square":null,"acf":[],"_links":{"self":[{"href":"https:\/\/trevispa.com\/it\/wp-json\/wp\/v2\/pages\/19","targetHints":{"allow":["GET"]}}],"collection":[{"href":"https:\/\/trevispa.com\/it\/wp-json\/wp\/v2\/pages"}],"about":[{"href":"https:\/\/trevispa.com\/it\/wp-json\/wp\/v2\/types\/page"}],"author":[{"embeddable":true,"href":"https:\/\/trevispa.com\/it\/wp-json\/wp\/v2\/users\/3"}],"replies":[{"embeddable":true,"href":"https:\/\/trevispa.com\/it\/wp-json\/wp\/v2\/comments?post=19"}],"version-history":[{"count":0,"href":"https:\/\/trevispa.com\/it\/wp-json\/wp\/v2\/pages\/19\/revisions"}],"up":[{"embeddable":true,"href":"https:\/\/trevispa.com\/it\/wp-json\/wp\/v2\/pages\/12"}],"wp:attachment":[{"href":"https:\/\/trevispa.com\/it\/wp-json\/wp\/v2\/media?parent=19"}],"curies":[{"name":"wp","href":"https:\/\/api.w.org\/{rel}","templated":true}]}}