{"id":2221,"date":"2025-09-24T13:41:12","date_gmt":"2025-09-24T13:41:12","guid":{"rendered":"https:\/\/trevistg.wpenginepowered.com\/it\/?page_id=2221"},"modified":"2025-09-24T13:41:12","modified_gmt":"2025-09-24T13:41:12","slug":"dichiarazione-di-accessibilita","status":"publish","type":"page","link":"https:\/\/trevispa.com\/it\/dichiarazione-di-accessibilita\/","title":{"rendered":"Dichiarazione di Accessibilit\u00e0"},"content":{"rendered":"<div class=\"saz-block-custom\">\n<section id=\"accessibilita-block_6d53a5fd2b784a02f3d8b00a3bd2d58f\" class=\"saz-block saz-block-acf-accessibilita alignfull\">\n    <div class=\"entry-content\">\n        <h2>Intestazione<\/h2>\n        <p>TREVI &#8211; Finanziaria Industriale SpA si impegna a rendere il proprio sito web <b><a href=\"https:\/\/trevispa.com\/it\">Trevi SpA (IT)<\/a><\/b>\n            accessibile, conformemente alla legge 9 gennaio 2004, n. 4. La presente dichiarazione di accessibilit\u00e0 si applica a sito web seguendo le specifiche tecniche delle WCAG 2.2.        <\/p>\n        <br>\n        <h2>Stato di conformit\u00e0<\/h2>\n                    <h4>\n                Livello A            <\/h4>\n                            <p>Questo sito web \u00e8 parzialmente conforme ai requisiti previsti dall\u2019appendice A della norma UNI CEI EN 301549 in ragione dei casi di non conformit\u00e0 o delle deroghe elencate di seguito.<\/p>\n                <ul>\n                                            <li>1.1.1 Contenuti non testuali<\/li>\n                                            <li>1.2.1 Solo audio e solo video (preregistrati)<\/li>\n                                            <li>1.2.3 Audiodescrizione o tipo di media alternativo (preregistrato)<\/li>\n                                            <li>1.3.1 Informazioni e correlazioni<\/li>\n                                            <li>1.4.1 Uso del colore<\/li>\n                                            <li>2.2.2 Pausa, stop, nascondi<\/li>\n                                            <li>4.1.2 Nome, ruolo, valore<\/li>\n                                    <\/ul>\n                                <h4>\n                Livello AA            <\/h4>\n                            <p>Questo sito web \u00e8 parzialmente conforme ai requisiti previsti dall\u2019appendice A della norma UNI CEI EN 301549 in ragione dei casi di non conformit\u00e0 o delle deroghe elencate di seguito.<\/p>\n                <ul>\n                                            <li>1.2.4 Sottotitoli (in tempo reale)<\/li>\n                                            <li>1.2.5 Audiodescrizione (preregistrata)<\/li>\n                                            <li>1.3.5 Identificare lo scopo degli input<\/li>\n                                            <li>1.4.5 Immagini di testo<\/li>\n                                            <li>2.5.8 Dimensione dell\u2019obiettivo (minimo)<\/li>\n                                            <li>3.1.2 Parti in lingua<\/li>\n                                            <li>3.2.3 Navigazione coerente<\/li>\n                                            <li>3.2.4 Identificazione coerente<\/li>\n                                            <li>4.1.3 Messaggi di stato<\/li>\n                                    <\/ul>\n                                <h4>\n                Livello AAA            <\/h4>\n                            <p>Questo sito web non \u00e8 conforme ai requisiti previsti dall\u2019appendice A della norma UNI CEI EN 301549 in ragione dei casi di non conformit\u00e0 o delle deroghe elencate di seguito.<\/p>\n                <ul>\n                                            <li>1.2.6 Lingua dei segni (preregistrato)<\/li>\n                                            <li>1.2.7 Audiodescrizione estesa (preregistrata)<\/li>\n                                            <li>1.2.8 Tipo di media alternativo (preregistrato)<\/li>\n                                            <li>1.2.9 Solo audio (in tempo reale)<\/li>\n                                            <li>1.3.6 Identificare lo scopo<\/li>\n                                            <li>1.4.6 Contrasto (avanzato)<\/li>\n                                            <li>1.4.7 Sottofondo sonoro basso o non presente<\/li>\n                                            <li>1.4.8 Presentazione visiva<\/li>\n                                            <li>1.4.9 Immagini di testo (senza eccezioni)<\/li>\n                                            <li>2.1.3 Tastiera (nessuna eccezione)<\/li>\n                                            <li>2.2.3 Nessun tempo di esecuzione<\/li>\n                                            <li>2.2.4 Interruzioni<\/li>\n                                            <li>2.2.5 Riautenticazione<\/li>\n                                            <li>2.2.6 Termine del tempo<\/li>\n                                            <li>2.3.2 Tre lampeggiamenti<\/li>\n                                            <li>2.3.3 Animazione da interazioni<\/li>\n                                            <li>2.4.9 Scopo del collegamento (solo collegamento)<\/li>\n                                            <li>2.4.10 Intestazioni di sezione<\/li>\n                                            <li>2.4.12 Focus non nascosto (avanzato)<\/li>\n                                            <li>2.4.13 Aspetto del focus<\/li>\n                                            <li>2.5.5 Dimensione dell\u2019obiettivo (avanzato)<\/li>\n                                            <li>3.1.3 Parole inusuali<\/li>\n                                            <li>3.1.4 Abbreviazioni<\/li>\n                                            <li>3.1.5 Livello di lettura<\/li>\n                                            <li>3.1.6 Pronuncia<\/li>\n                                            <li>3.2.5 Cambiamenti su richiesta<\/li>\n                                            <li>3.3.5 Aiuto<\/li>\n                                            <li>3.3.6 Prevenzione degli errori (tutti)<\/li>\n                                            <li>3.3.9 Autenticazione accessibile (avanzato)<\/li>\n                                    <\/ul>\n                            <br>\n                    <h2>Contenuti non accessibili<\/h2>\n            <p>I contenuti di seguito elencati non sono accessibili causa <b>Inosservanza della legge 9 gennaio 2004, n. 4<\/b>.<\/p>\n            <p><ol>\n<li>\n<p class=\"p1\"><b>Carousel di immagini come nella pagina <a href=\"https:\/\/trevispa.com\/it\/tecnologie\/micropali\/\"><b>micropali<\/b><\/a><\/b><\/p>\n<ul>\n<li>\n<p class=\"p1\">Le animazioni del carousel non possono essere <span class=\"s1\"><b>interrotte o messe in pausa<\/b><\/span> dall\u2019utente, come richiesto dal criterio <span class=\"s1\"><b>2.2.2<\/b><\/span><\/p>\n<\/li>\n<li>\n<p class=\"p1\">Le immagini all\u2019interno del carousel <span class=\"s1\"><b>non presentano descrizioni alternative<\/b><\/span>, contravvenendo al criterio <span class=\"s1\"><b>1.1.1<\/b><\/span><\/p>\n<\/li>\n<\/ul>\n<\/li>\n<li>\n<p class=\"p1\"><b><a href=\"https:\/\/trevispa.com\/it\/contatti\/\">Modulo contatti<\/a><\/b><b><\/b><\/p>\n<ul>\n<li>\n<p class=\"p1\">Le <span class=\"s1\"><b>checkbox<\/b><\/span> presenti nel modulo contatti hanno un\u2019area cliccabile pari a <span class=\"s1\"><b>13 x 13 pixel<\/b><\/span>, non sufficiente per garantire un\u2019interazione accessibile su dispositivi touch, in contrasto con il criterio <span class=\"s1\"><b>2.5.8 <\/b><\/span>(WCAG 2.2).<\/p>\n<\/li>\n<\/ul>\n<\/li>\n<li>\n<p class=\"p1\"><b>Video del sito<\/b><\/p>\n<ul>\n<li>I video non presentano trascrizioni o alternative testuali descrittive<\/li>\n<\/ul>\n<\/li>\n<\/ol>\n<ul>\n<li style=\"list-style-type: none\"><\/li>\n<\/ul>\n<\/p>\n                <br>\n        <h2>Redazione della dichiarazione di accessibilit\u00e0<\/h2>\n        <p>La presente dichiarazione \u00e8 stata redatta il            24\/09\/2025                    .\n        <\/p>\n    <br>\n    <h2>Modalit\u00e0 di invio delle segnalazioni e recapiti del soggetto erogatore<\/h2>\n    <p>L&#8217;utente pu\u00f2 notificare al soggetto erogatore i casi di mancata conformit\u00e0 ai requisiti di accessibilit\u00e0, o richiedere informazioni e contenuti che siano stati esclusi dall&#8217;ambito di applicazione della direttiva attraverso un        <b><a href=\"mailto:communication.department@trevigroup.com\">meccanismo di feedback<\/a><\/b>\n        oppure contattando il        <b><a href=\"mailto:communication.department@trevigroup.com\">responsabile dell&#8217;accessibilit\u00e0<\/a><\/b>.\n    <\/p>\n    <br>\n    <h2>Modalit\u00e0 di invio delle segnalazioni all\u2019AgID<\/h2>\n    <p>In caso di risposta insoddisfacente o di mancata risposta, nel termine di trenta giorni, alla notifica o alla richiesta, l\u2019interessato pu\u00f2 inoltrare una segnalazione all&#8217;AgID.<\/p>\n    <br>\n    <h2>Informazioni sul sito<\/h2>\n    <p>Data di pubblicazione del sito: 25\/09\/2025.<\/p>\n    <p>Sono stati effettuati test di usabilit\u00e0: No.<\/p>\n    <p>CMS utilizzato per il sito web: WordPress.<\/p>\n    <br>\n    <h2>Informazioni sulla struttura<\/h2>\n    <p>Numero di dipendenti con disabilit\u00e0 presenti nell\u2019amministrazione: 0.<\/p>\n    <p>Numero di postazioni di lavoro per dipendenti con disabilit\u00e0: 0.<\/p>\n    <\/div>\n<\/section><\/div>","protected":false},"excerpt":{"rendered":"","protected":false},"author":5,"featured_media":0,"parent":0,"menu_order":0,"comment_status":"closed","ping_status":"closed","template":"","meta":{"_acf_changed":false,"footnotes":""},"class_list":["post-2221","page","type-page","status-publish","hentry"],"featured_image_src":null,"featured_image_src_square":null,"acf":[],"_links":{"self":[{"href":"https:\/\/trevispa.com\/it\/wp-json\/wp\/v2\/pages\/2221","targetHints":{"allow":["GET"]}}],"collection":[{"href":"https:\/\/trevispa.com\/it\/wp-json\/wp\/v2\/pages"}],"about":[{"href":"https:\/\/trevispa.com\/it\/wp-json\/wp\/v2\/types\/page"}],"author":[{"embeddable":true,"href":"https:\/\/trevispa.com\/it\/wp-json\/wp\/v2\/users\/5"}],"replies":[{"embeddable":true,"href":"https:\/\/trevispa.com\/it\/wp-json\/wp\/v2\/comments?post=2221"}],"version-history":[{"count":0,"href":"https:\/\/trevispa.com\/it\/wp-json\/wp\/v2\/pages\/2221\/revisions"}],"wp:attachment":[{"href":"https:\/\/trevispa.com\/it\/wp-json\/wp\/v2\/media?parent=2221"}],"curies":[{"name":"wp","href":"https:\/\/api.w.org\/{rel}","templated":true}]}}