{"id":32,"date":"2025-06-17T08:49:09","date_gmt":"2025-06-17T08:49:09","guid":{"rendered":"https:\/\/trevistg.wpenginepowered.com\/it\/fta-academy\/"},"modified":"2025-06-23T12:16:51","modified_gmt":"2025-06-23T12:16:51","slug":"fta-academy","status":"publish","type":"page","link":"https:\/\/trevispa.com\/it\/fta-academy\/","title":{"rendered":"FTA Academy"},"content":{"rendered":"\n<div class=\"wp-block-group alignwide\"><div class=\"wp-block-group__inner-container is-layout-constrained wp-block-group-is-layout-constrained\">\n<p>Foundations Technology Academy \u00e8 un progetto formativo internazionale rivolto a chi desidera inserirsi nel settore fondazioni per l\u2019ingegneria civile e a chi gi\u00e0 vi lavora, ma anche a chi desidera incrementare la propria conoscenza e specializzazione sulle tecnologie di fondazione e relative attrezzature.<\/p>\n\n\n\n<p>\u00c8 una Scuola che mette al centro la persona, sviluppandone le potenzialit\u00e0 per permetterle di crescere. Perch\u00e9 la formazione \u00e8 il primo strumento di sostegno alla professionalit\u00e0 e al talento, capace perci\u00f2 di migliorare la performance e la sicurezza lavorativa, e quindi incrementando il profitto dei propri investimenti.<\/p>\n\n\n\n<p>Per saperene di pi\u00f9, visita il sito&nbsp;<a href=\"http:\/\/www.ftacademy.it\/\" target=\"_blank\" rel=\"noreferrer noopener\">www.ftacademy.it<\/a><\/p>\n<\/div><\/div>\n","protected":false},"excerpt":{"rendered":"<p>Foundations Technology Academy \u00e8 un progetto formativo internazionale rivolto a chi desidera inserirsi nel settore fondazioni per l\u2019ingegneria civile e a chi gi\u00e0 vi lavora, ma anche a chi desidera incrementare la propria conoscenza e specializzazione sulle tecnologie di fondazione e relative attrezzature. \u00c8 una Scuola che mette al centro la persona, sviluppandone le potenzialit\u00e0 [&hellip;]<\/p>\n","protected":false},"author":3,"featured_media":0,"parent":0,"menu_order":0,"comment_status":"closed","ping_status":"closed","template":"","meta":{"_acf_changed":true,"footnotes":""},"class_list":["post-32","page","type-page","status-publish","hentry"],"featured_image_src":null,"featured_image_src_square":null,"acf":[],"_links":{"self":[{"href":"https:\/\/trevispa.com\/it\/wp-json\/wp\/v2\/pages\/32","targetHints":{"allow":["GET"]}}],"collection":[{"href":"https:\/\/trevispa.com\/it\/wp-json\/wp\/v2\/pages"}],"about":[{"href":"https:\/\/trevispa.com\/it\/wp-json\/wp\/v2\/types\/page"}],"author":[{"embeddable":true,"href":"https:\/\/trevispa.com\/it\/wp-json\/wp\/v2\/users\/3"}],"replies":[{"embeddable":true,"href":"https:\/\/trevispa.com\/it\/wp-json\/wp\/v2\/comments?post=32"}],"version-history":[{"count":0,"href":"https:\/\/trevispa.com\/it\/wp-json\/wp\/v2\/pages\/32\/revisions"}],"wp:attachment":[{"href":"https:\/\/trevispa.com\/it\/wp-json\/wp\/v2\/media?parent=32"}],"curies":[{"name":"wp","href":"https:\/\/api.w.org\/{rel}","templated":true}]}}